{"id":117,"date":"2020-02-06T20:25:01","date_gmt":"2020-02-06T19:25:01","guid":{"rendered":"http:\/\/217.117.138.41\/?page_id=117"},"modified":"2025-04-15T10:55:21","modified_gmt":"2025-04-15T08:55:21","slug":"zarzady-terenowe","status":"publish","type":"page","link":"https:\/\/nszzfipwkrakow.pl\/?page_id=117","title":{"rendered":"Zarz\u0105dy Terenowe"},"content":{"rendered":"\n<h2 class=\"wp-block-heading\">Tu znajdziesz list\u0119 wszystkich Zarz\u0105d\u00f3w Terenowych znajduj\u0105cych si\u0119 pod piecz\u0105 Zarz\u0105du Okr\u0119gowego NSZZFiPW Krak\u00f3w oraz jej cz\u0142onk\u00f3w<\/h2>\n\n\n\n<hr class=\"wp-block-separator has-css-opacity\"\/>\n\n\n\n<p><\/p>\n\n\n\n<p>Informujemy, \u017ce&nbsp;<strong>Zarz\u0105d Okr\u0119gowy w Krakowie<\/strong>&nbsp;koordynuje dzia\u0142alno\u015b\u0107 zwi\u0105zkow\u0105 w wojew\u00f3dztwie ma\u0142opolski i \u015bwi\u0119tokrzyskim. Organizacje terenowe dzia\u0142aj\u0105 w nast\u0119puj\u0105cych jednostkach:&nbsp;<br> <br> <em>&nbsp;&nbsp;&nbsp;&nbsp;&nbsp;&nbsp;&nbsp;&nbsp;&nbsp;&nbsp; A\u015a KRAK\u00d3W<br> &nbsp;&nbsp;&nbsp;&nbsp;&nbsp;&nbsp;&nbsp;&nbsp;&nbsp;&nbsp; OZ KRAK\u00d3W NOWA-HUTA,&nbsp;<br> &nbsp;&nbsp;&nbsp;&nbsp;&nbsp;&nbsp;&nbsp;&nbsp;&nbsp;&nbsp; A\u015a KIELCE,&nbsp;<br> &nbsp;&nbsp;&nbsp;&nbsp;&nbsp;&nbsp;&nbsp;&nbsp;&nbsp;&nbsp; ZK NOWY S\u0104CZ,&nbsp;<br> &nbsp;&nbsp;&nbsp;&nbsp;&nbsp;&nbsp;&nbsp;&nbsp;&nbsp;&nbsp; ZK NOWY WI\u015aNICZ,&nbsp;<br> &nbsp;&nbsp;&nbsp;&nbsp;&nbsp;&nbsp;&nbsp;&nbsp;&nbsp;&nbsp; ZK PI\u0143CZ\u00d3W,&nbsp;<br> &nbsp;&nbsp;&nbsp;&nbsp;&nbsp;&nbsp;&nbsp;&nbsp;&nbsp;&nbsp; ZK TARN\u00d3W,&nbsp;<br> &nbsp;&nbsp;&nbsp;&nbsp;&nbsp;&nbsp;&nbsp;&nbsp;&nbsp;&nbsp; OZ TARN\u00d3W-MO\u015aCICE,&nbsp;<br> &nbsp;&nbsp;&nbsp;&nbsp;&nbsp;&nbsp;&nbsp;&nbsp;&nbsp;&nbsp; ZK TRZEBINIA,&nbsp;<br> &nbsp;&nbsp;&nbsp;&nbsp;&nbsp;&nbsp;&nbsp;&nbsp;&nbsp;&nbsp; ZK WADOWICE.&nbsp;<\/em><\/p>\n\n\n\n<p>Dane adresowe:<\/p>\n\n\n\n<p><strong>Zarz\u0105d Okr\u0119gowy NSZZ FiPW w Krakowie<br> 33-100 Tarn\u00f3w, ul. Konarskiego 2<\/strong><\/p>\n\n\n\n<p><\/p>\n\n\n\n<hr class=\"wp-block-separator has-css-opacity\"\/>\n\n\n\n<p><\/p>\n\n\n\n<h2 class=\"wp-block-heading has-text-align-center\"><strong>Zarz\u0105dy Terenowe NSZZ FiPW w Okr\u0119gu Krakowskim<\/strong><\/h2>\n\n\n\n<hr class=\"wp-block-separator has-css-opacity\"\/>\n\n\n\n<p><\/p>\n\n\n\n<div class=\"wp-block-columns is-layout-flex wp-container-core-columns-is-layout-9d6595d7 wp-block-columns-is-layout-flex\">\n<div class=\"wp-block-column is-vertically-aligned-center is-layout-flow wp-block-column-is-layout-flow\">\n<h2 class=\"wp-block-heading\"> <strong>Zarz\u0105d Terenowy przy Zak\u0142adzie Karnym w Tarnowie:<\/strong> <\/h2>\n\n\n<div class=\"wp-block-image\">\n<figure class=\"aligncenter size-large\"><img decoding=\"async\" width=\"100\" height=\"128\" src=\"http:\/\/nszzfipwkrakow.pl\/wp-content\/uploads\/2020\/02\/tarnow.jpg\" alt=\"\" class=\"wp-image-155\"\/><\/figure>\n<\/div><\/div>\n\n\n\n<div class=\"wp-block-column is-layout-flow wp-block-column-is-layout-flow\">\n<p class=\"has-text-align-center\"><br> Przewodnicz\u0105cy &#8211; Mariusz Okarma<br> Wiceprzewodnicz\u0105cy &#8211; Grzegorz Brze\u017ca\u0144ski<br>Wiceprzewodnicz\u0105cy &#8211; Tomasz Madej<br> Skarbnik &#8211; Marcin W\u00f3jcik<br>Cz\u0142onek zarz\u0105du &#8211; Rafa\u0142 \u0141aski  <br>Cz\u0142onek zarz\u0105du &#8211; Marcin Ramian<br>Cz\u0142onek zarz\u0105du &#8211; Krzysztof Solak  <\/p>\n\n\n\n<p class=\"has-text-align-center\"><br> <br> Komisja Rewizyjna:<br> <br>Dominika Ramian<br>Urszula Kr\u0119\u017cel<br>Marcin Bro\u017cek<br> <br><em> Liczba cz\u0142onk\u00f3w: 137&nbsp;<\/em><br> <br><\/p>\n<\/div>\n<\/div>\n\n\n\n<p><\/p>\n\n\n\n<hr class=\"wp-block-separator has-css-opacity\"\/>\n\n\n\n<p><\/p>\n\n\n\n<div class=\"wp-block-columns is-layout-flex wp-container-core-columns-is-layout-9d6595d7 wp-block-columns-is-layout-flex\">\n<div class=\"wp-block-column is-layout-flow wp-block-column-is-layout-flow\">\n<h2 class=\"wp-block-heading\"> <strong>Zarz\u0105d Terenowy przy Oddziale Zewn\u0119trznym w Tarnow-Mo\u015bcice:<\/strong> <\/h2>\n\n\n<div class=\"wp-block-image\">\n<figure class=\"aligncenter size-large\"><img decoding=\"async\" width=\"100\" height=\"128\" src=\"http:\/\/nszzfipwkrakow.pl\/wp-content\/uploads\/2020\/02\/tarnow.jpg\" alt=\"\" class=\"wp-image-155\"\/><\/figure>\n<\/div><\/div>\n\n\n\n<div class=\"wp-block-column is-layout-flow wp-block-column-is-layout-flow\">\n<p class=\"has-text-align-center\"><br> Przewodnicz\u0105cy &#8211; Mi\u0142osz Pi\u0119ta<br> Wiceprzewodnicz\u0105cy &#8211; Pawe\u0142 Smole\u0144 <br> Skarbnik &#8211; Grzegorz Kukli\u0144ski<br>Cz\u0142onek zarz\u0105du &#8211; Bartosz Gill<br><br> Komisja Rewizyjna:<br> <br>Marcin Sitko<br>Wojciech O\u015bwi\u0119cimka<br> <br><em> Liczba cz\u0142onk\u00f3w: <\/em>76<br><\/p>\n<\/div>\n<\/div>\n\n\n\n<p><\/p>\n\n\n\n<hr class=\"wp-block-separator has-css-opacity\"\/>\n\n\n\n<p><\/p>\n\n\n\n<div class=\"wp-block-columns is-layout-flex wp-container-core-columns-is-layout-9d6595d7 wp-block-columns-is-layout-flex\">\n<div class=\"wp-block-column is-layout-flow wp-block-column-is-layout-flow\">\n<h2 class=\"wp-block-heading\">  <strong>Zarz\u0105d Terenowy przy Areszcie \u015aledczym w Krakowie:<\/strong> <\/h2>\n\n\n<div class=\"wp-block-image\">\n<figure class=\"aligncenter size-large\"><img decoding=\"async\" width=\"105\" height=\"127\" src=\"http:\/\/nszzfipwkrakow.pl\/wp-content\/uploads\/2020\/02\/krakow.jpg\" alt=\"\" class=\"wp-image-157\"\/><\/figure>\n<\/div><\/div>\n\n\n\n<div class=\"wp-block-column is-layout-flow wp-block-column-is-layout-flow\">\n<p class=\"has-text-align-center\"><br> Przewodnicz\u0105cy &#8211; Bogus\u0142aw Zakrzewski<br> Wiceprzewodnicz\u0105cy &#8211; Pawe\u0142 Doli\u0144ski<br> Wiceprzewodnicz\u0105cy &#8211; Bart\u0142omiej Szpiega<br> Skarbnik &#8211; Tadeusz Kotli\u0144ski<br> Cz\u0142onek Zarz\u0105du &#8211; Mateusz Janik<br> Cz\u0142onek Zarz\u0105du &#8211; \u0141ukasz Rojek<br> <br> Komisja Rewizyjna:<br> <br> Przewodnicz\u0105cy &#8211; Piotr Stelmach<br>Daniel Wilczy\u0144ski<br> <br><em> Liczba cz\u0142onk\u00f3w: 151&nbsp;<\/em><br> <br><\/p>\n<\/div>\n<\/div>\n\n\n\n<p><\/p>\n\n\n\n<hr class=\"wp-block-separator has-css-opacity\"\/>\n\n\n\n<p><\/p>\n\n\n\n<div class=\"wp-block-columns is-layout-flex wp-container-core-columns-is-layout-9d6595d7 wp-block-columns-is-layout-flex\">\n<div class=\"wp-block-column is-layout-flow wp-block-column-is-layout-flow\">\n<h2 class=\"wp-block-heading\"> <strong>Zarz\u0105d Terenowy przy <strong>Oddziale Zewn\u0119trznym<\/strong> w Krakowie &#8211; Nowa Huta:<\/strong> <\/h2>\n\n\n<div class=\"wp-block-image\">\n<figure class=\"aligncenter size-large\"><img decoding=\"async\" width=\"105\" height=\"127\" src=\"http:\/\/nszzfipwkrakow.pl\/wp-content\/uploads\/2020\/02\/krakow.jpg\" alt=\"\" class=\"wp-image-157\"\/><\/figure>\n<\/div><\/div>\n\n\n\n<div class=\"wp-block-column is-layout-flow wp-block-column-is-layout-flow\">\n<p class=\"has-text-align-center\">Przewodnicz\u0105cy &#8211; Andrzej Bartosik<br> Wiceprzewodnicz\u0105cy &#8211; Micha\u0142 Hyrc<br> <br> Komisja Rewizyjna:<br> <br>Andrzej Zagata<br>Damian Duda<br>Eugeniusz Kuna<br> <br><em> Liczba cz\u0142onk\u00f3w: <\/em>52<br> <br><\/p>\n<\/div>\n<\/div>\n\n\n\n<p><\/p>\n\n\n\n<hr class=\"wp-block-separator has-css-opacity\"\/>\n\n\n\n<p><\/p>\n\n\n\n<div class=\"wp-block-columns is-layout-flex wp-container-core-columns-is-layout-9d6595d7 wp-block-columns-is-layout-flex\">\n<div class=\"wp-block-column is-layout-flow wp-block-column-is-layout-flow\">\n<h2 class=\"wp-block-heading\">  <strong>Zarz\u0105d Terenowy przy Zak\u0142adzie Karnym w Wadowicach:<\/strong> <\/h2>\n\n\n<div class=\"wp-block-image\">\n<figure class=\"aligncenter size-large\"><img decoding=\"async\" width=\"102\" height=\"127\" src=\"http:\/\/nszzfipwkrakow.pl\/wp-content\/uploads\/2020\/02\/wadowice.jpg\" alt=\"\" class=\"wp-image-159\"\/><\/figure>\n<\/div><\/div>\n\n\n\n<div class=\"wp-block-column is-layout-flow wp-block-column-is-layout-flow\">\n<p class=\"has-text-align-center\"> Przewodnicz\u0105cy &#8211; Marcin \u0106wi\u0119ka\u0142a<br> Wiceprzewodnicz\u0105cy &#8211; Piotr Paw\u0142owski<br> Skarbnik &#8211; Jacek Rosenstrauch<br> <br> Komisja Rewizyjna:<br> <br> Przemys\u0142aw Pi\u0119to\u0144<br> Piotr Szczerbik<br> <br><em> Liczba cz\u0142onk\u00f3w: 42&nbsp;<\/em><br> <br> <\/p>\n<\/div>\n<\/div>\n\n\n\n<hr class=\"wp-block-separator has-css-opacity\"\/>\n\n\n\n<p><\/p>\n\n\n\n<div class=\"wp-block-columns is-layout-flex wp-container-core-columns-is-layout-9d6595d7 wp-block-columns-is-layout-flex\">\n<div class=\"wp-block-column is-layout-flow wp-block-column-is-layout-flow\">\n<h2 class=\"wp-block-heading\">  <strong>Zarz\u0105d Terenowy przy Areszcie \u015aledczym w Kielcach:<\/strong> <\/h2>\n\n\n<div class=\"wp-block-image\">\n<figure class=\"aligncenter size-large\"><img loading=\"lazy\" decoding=\"async\" width=\"100\" height=\"128\" src=\"http:\/\/nszzfipwkrakow.pl\/wp-content\/uploads\/2020\/02\/kielce.jpg\" alt=\"\" class=\"wp-image-160\"\/><\/figure>\n<\/div><\/div>\n\n\n\n<div class=\"wp-block-column is-layout-flow wp-block-column-is-layout-flow\">\n<p>Przewodnicz\u0105cy &#8211; Bolek Adam<br>Wiceprzewodnicz\u0105cy \u2013 Brzezi\u0144ski Stanis\u0142aw<br>Wiceprzewodnicz\u0105cy \u2013 Gruszczy\u0144ski Pawe\u0142<br>Skarbnik &#8211; Szustak Bernadetta<br>Cz\u0142onek zarz\u0105du \u2013 Wiktor Piotr<br>Cz\u0142onek zarz\u0105du \u2013 Szwedzki Pawe\u0142<br><br>Komisja Rewizyjna:<br><br>Przewodnicz\u0105cy &#8211; Barucha Krzysztof<br>Latocha Bartosz<br>W\u00f3jcik Krystian<br><br><em>Liczba cz\u0142onk\u00f3w: <\/em>89<\/p>\n\n\n\n<p><\/p>\n\n\n\n<p class=\"has-text-align-center\"><br> <\/p>\n<\/div>\n<\/div>\n\n\n\n<p><\/p>\n\n\n\n<hr class=\"wp-block-separator has-css-opacity\"\/>\n\n\n\n<p><\/p>\n\n\n\n<div class=\"wp-block-columns is-layout-flex wp-container-core-columns-is-layout-9d6595d7 wp-block-columns-is-layout-flex\">\n<div class=\"wp-block-column is-layout-flow wp-block-column-is-layout-flow\">\n<h2 class=\"wp-block-heading\"> <br> <strong>Zarz\u0105d Terenowy przy Zak\u0142adzie Karnym w Trzebini:<\/strong> <\/h2>\n\n\n<div class=\"wp-block-image\">\n<figure class=\"aligncenter size-large\"><img loading=\"lazy\" decoding=\"async\" width=\"90\" height=\"117\" src=\"http:\/\/nszzfipwkrakow.pl\/wp-content\/uploads\/2020\/02\/trzebinia.jpg\" alt=\"\" class=\"wp-image-161\"\/><\/figure>\n<\/div><\/div>\n\n\n\n<div class=\"wp-block-column is-layout-flow wp-block-column-is-layout-flow\">\n<p class=\"has-text-align-center\"><br> Przewodnicz\u0105cy &#8211; Szymon Mielecki<br> Wiceprzewodnicz\u0105cy &#8211; Mateusz Barczyk<br> Skarbnik &#8211; Monika K\u0119dzia-Piszczek<br> <br> Komisja Rewizyjna:<br><br>Maciej Cholewa<br>Paulina Grzyb<br> <br> <em>Liczba cz\u0142onk\u00f3w: 84&nbsp;<\/em><br> <br><\/p>\n<\/div>\n<\/div>\n\n\n\n<p><\/p>\n\n\n\n<hr class=\"wp-block-separator has-css-opacity\"\/>\n\n\n\n<p><\/p>\n\n\n\n<div class=\"wp-block-columns is-layout-flex wp-container-core-columns-is-layout-9d6595d7 wp-block-columns-is-layout-flex\">\n<div class=\"wp-block-column is-layout-flow wp-block-column-is-layout-flow\">\n<h2 class=\"wp-block-heading\">  <strong>Zarz\u0105d Terenowy przy Zak\u0142adzie Karnym w Nowym S\u0105czu:<\/strong> <\/h2>\n\n\n<div class=\"wp-block-image\">\n<figure class=\"aligncenter size-large\"><img loading=\"lazy\" decoding=\"async\" width=\"94\" height=\"125\" src=\"http:\/\/nszzfipwkrakow.pl\/wp-content\/uploads\/2020\/02\/nsacz.jpg\" alt=\"\" class=\"wp-image-162\"\/><\/figure>\n<\/div><\/div>\n\n\n\n<div class=\"wp-block-column is-layout-flow wp-block-column-is-layout-flow\">\n<p class=\"has-text-align-center\"><br> Przewodnicz\u0105cy &#8211; Antoni Szczygie\u0142<br> Wiceprzewodnicz\u0105cy &#8211; J\u00f3zef Szkar\u0142at<br>Sekretarz &#8211; Przemys\u0142aw Sroka<br> Skarbnik &#8211; S\u0142awomir Chronowski<br>  <br> Komisja Rewizyjna:<br> <br> Tomasz Borkowski<br>Artur Urba\u0144ski<br>  <br><em> Liczba cz\u0142onk\u00f3w: 75&nbsp;<\/em><br> <br><\/p>\n<\/div>\n<\/div>\n\n\n\n<p><\/p>\n\n\n\n<hr class=\"wp-block-separator has-css-opacity\"\/>\n\n\n\n<p><\/p>\n\n\n\n<div class=\"wp-block-columns is-layout-flex wp-container-core-columns-is-layout-9d6595d7 wp-block-columns-is-layout-flex\">\n<div class=\"wp-block-column is-layout-flow wp-block-column-is-layout-flow\">\n<h2 class=\"wp-block-heading\"> <strong>Zarz\u0105d Terenowy przy Zak\u0142adzie Karnym w Nowym Wi\u015bniczu:<\/strong> <\/h2>\n\n\n<div class=\"wp-block-image\">\n<figure class=\"aligncenter size-large\"><img loading=\"lazy\" decoding=\"async\" width=\"105\" height=\"125\" src=\"http:\/\/nszzfipwkrakow.pl\/wp-content\/uploads\/2020\/02\/nwisnicz.jpg\" alt=\"\" class=\"wp-image-163\"\/><\/figure>\n<\/div><\/div>\n\n\n\n<div class=\"wp-block-column is-layout-flow wp-block-column-is-layout-flow\">\n<p class=\"has-text-align-center\"><br> Przewodnicz\u0105ca &#8211; El\u017cbieta Wojewoda<br> Wiceprzewodnicz\u0105cy &#8211; Adam Chojecki<br> Skarbnik &#8211; Justyna Sobotkowska<br>Cz\u0142onek Zarz\u0105du &#8211; Andrzej Bogacki<br>Cz\u0142onek Zarz\u0105du &#8211; Mariusz Juszczyk<br> <br> Komisja Rewizyjna:<br> <br>Pawe\u0142 Wa\u015bniowski<br> Mateusz Wo\u0142owczyk\u00a0<br> <br> <em>Liczba cz\u0142onk\u00f3w: <\/em>53\u00a0<br> <br><\/p>\n<\/div>\n<\/div>\n\n\n\n<p><\/p>\n\n\n\n<hr class=\"wp-block-separator has-css-opacity\"\/>\n\n\n\n<p><\/p>\n\n\n\n<div class=\"wp-block-columns is-layout-flex wp-container-core-columns-is-layout-9d6595d7 wp-block-columns-is-layout-flex\">\n<div class=\"wp-block-column is-layout-flow wp-block-column-is-layout-flow\">\n<h2 class=\"wp-block-heading has-text-align-center\">  <strong>Zarz\u0105d Terenowy przy Zak\u0142adzie Karnym Pi\u0144czowie:<\/strong> <\/h2>\n\n\n<div class=\"wp-block-image\">\n<figure class=\"aligncenter size-large\"><img loading=\"lazy\" decoding=\"async\" width=\"106\" height=\"125\" src=\"http:\/\/nszzfipwkrakow.pl\/wp-content\/uploads\/2020\/02\/pinczow.jpg\" alt=\"\" class=\"wp-image-164\"\/><\/figure>\n<\/div><\/div>\n\n\n\n<div class=\"wp-block-column is-layout-flow wp-block-column-is-layout-flow\">\n<p class=\"has-text-align-center\"><br> Przewodnicz\u0105cy &#8211; Krzysztof Go\u0142y&nbsp;<br> Wiceprzewodnicz\u0105cy &#8211; Dyraga Stefan<br>Skarbnik &#8211; Musia\u0142 Grzegorz<br>Cz\u0142onek Zarz\u0105du &#8211; Milena W\u00f3jcik<br>Cz\u0142onek Zarz\u0105du &#8211; Tomasz Gr\u0119da<br> <br> Komisja Rewizyjna:<br> <br>Mateusz Ostrowski<br> Wojciech Pasternak<br> <br> <em>Liczba cz\u0142onk\u00f3w: 61&nbsp;<\/em><\/p>\n<\/div>\n<\/div>\n","protected":false},"excerpt":{"rendered":"<p>Tu znajdziesz list\u0119 wszystkich Zarz\u0105d\u00f3w Terenowych znajduj\u0105cych si\u0119 pod piecz\u0105 Zarz\u0105du Okr\u0119gowego NSZZFiPW Krak\u00f3w oraz jej cz\u0142onk\u00f3w Informujemy, \u017ce&nbsp;Zarz\u0105d Okr\u0119gowy w Krakowie&nbsp;koordynuje dzia\u0142alno\u015b\u0107 zwi\u0105zkow\u0105 w wojew\u00f3dztwie ma\u0142opolski i \u015bwi\u0119tokrzyskim. Organizacje terenowe dzia\u0142aj\u0105 w nast\u0119puj\u0105cych jednostkach:&nbsp; &nbsp;&nbsp;&nbsp;&nbsp;&nbsp;&nbsp;&nbsp;&nbsp;&nbsp;&nbsp; A\u015a KRAK\u00d3W &nbsp;&nbsp;&nbsp;&nbsp;&nbsp;&nbsp;&nbsp;&nbsp;&nbsp;&nbsp; OZ KRAK\u00d3W NOWA-HUTA,&nbsp; &nbsp;&nbsp;&nbsp;&nbsp;&nbsp;&nbsp;&nbsp;&nbsp;&nbsp;&nbsp; A\u015a KIELCE,&nbsp; &nbsp;&nbsp;&nbsp;&nbsp;&nbsp;&nbsp;&nbsp;&nbsp;&nbsp;&nbsp; ZK NOWY S\u0104CZ,&nbsp; &nbsp;&nbsp;&nbsp;&nbsp;&nbsp;&nbsp;&nbsp;&nbsp;&nbsp;&nbsp; ZK NOWY WI\u015aNICZ,&nbsp; &nbsp;&nbsp;&nbsp;&nbsp;&nbsp;&nbsp;&nbsp;&nbsp;&nbsp;&nbsp; ZK&#8230; <\/p>\n","protected":false},"author":1,"featured_media":0,"parent":0,"menu_order":0,"comment_status":"closed","ping_status":"closed","template":"","meta":{"footnotes":""},"class_list":["post-117","page","type-page","status-publish","hentry"],"yoast_head":"<!-- This site is optimized with the Yoast SEO plugin v23.6 - https:\/\/yoast.com\/wordpress\/plugins\/seo\/ -->\n<title>Zarz\u0105dy Terenowe - NSZZFIPW KRAK\u00d3W<\/title>\n<meta name=\"robots\" content=\"index, follow, max-snippet:-1, max-image-preview:large, max-video-preview:-1\" \/>\n<link rel=\"canonical\" href=\"https:\/\/nszzfipwkrakow.pl\/?page_id=117\" \/>\n<meta property=\"og:locale\" content=\"pl_PL\" \/>\n<meta property=\"og:type\" content=\"article\" \/>\n<meta property=\"og:title\" content=\"Zarz\u0105dy Terenowe - NSZZFIPW KRAK\u00d3W\" \/>\n<meta property=\"og:description\" content=\"Tu znajdziesz list\u0119 wszystkich Zarz\u0105d\u00f3w Terenowych znajduj\u0105cych si\u0119 pod piecz\u0105 Zarz\u0105du Okr\u0119gowego NSZZFiPW Krak\u00f3w oraz jej cz\u0142onk\u00f3w Informujemy, \u017ce&nbsp;Zarz\u0105d Okr\u0119gowy w Krakowie&nbsp;koordynuje dzia\u0142alno\u015b\u0107 zwi\u0105zkow\u0105 w wojew\u00f3dztwie ma\u0142opolski i \u015bwi\u0119tokrzyskim. Organizacje terenowe dzia\u0142aj\u0105 w nast\u0119puj\u0105cych jednostkach:&nbsp; &nbsp;&nbsp;&nbsp;&nbsp;&nbsp;&nbsp;&nbsp;&nbsp;&nbsp;&nbsp; A\u015a KRAK\u00d3W &nbsp;&nbsp;&nbsp;&nbsp;&nbsp;&nbsp;&nbsp;&nbsp;&nbsp;&nbsp; OZ KRAK\u00d3W NOWA-HUTA,&nbsp; &nbsp;&nbsp;&nbsp;&nbsp;&nbsp;&nbsp;&nbsp;&nbsp;&nbsp;&nbsp; A\u015a KIELCE,&nbsp; &nbsp;&nbsp;&nbsp;&nbsp;&nbsp;&nbsp;&nbsp;&nbsp;&nbsp;&nbsp; ZK NOWY S\u0104CZ,&nbsp; &nbsp;&nbsp;&nbsp;&nbsp;&nbsp;&nbsp;&nbsp;&nbsp;&nbsp;&nbsp; ZK NOWY WI\u015aNICZ,&nbsp; &nbsp;&nbsp;&nbsp;&nbsp;&nbsp;&nbsp;&nbsp;&nbsp;&nbsp;&nbsp; ZK...\" \/>\n<meta property=\"og:url\" content=\"https:\/\/nszzfipwkrakow.pl\/?page_id=117\" \/>\n<meta property=\"og:site_name\" content=\"NSZZFIPW KRAK\u00d3W\" \/>\n<meta property=\"article:modified_time\" content=\"2025-04-15T08:55:21+00:00\" \/>\n<meta property=\"og:image\" content=\"https:\/\/nszzfipwkrakow.pl\/wp-content\/uploads\/2020\/02\/tarnow.jpg\" \/>\n\t<meta property=\"og:image:width\" content=\"100\" \/>\n\t<meta property=\"og:image:height\" content=\"128\" \/>\n\t<meta property=\"og:image:type\" content=\"image\/jpeg\" \/>\n<meta name=\"twitter:card\" content=\"summary_large_image\" \/>\n<meta name=\"twitter:label1\" content=\"Szacowany czas czytania\" \/>\n\t<meta name=\"twitter:data1\" content=\"5 minut\" \/>\n<script type=\"application\/ld+json\" class=\"yoast-schema-graph\">{\"@context\":\"https:\/\/schema.org\",\"@graph\":[{\"@type\":\"WebPage\",\"@id\":\"https:\/\/nszzfipwkrakow.pl\/?page_id=117\",\"url\":\"https:\/\/nszzfipwkrakow.pl\/?page_id=117\",\"name\":\"Zarz\u0105dy Terenowe - NSZZFIPW KRAK\u00d3W\",\"isPartOf\":{\"@id\":\"https:\/\/nszzfipwkrakow.pl\/#website\"},\"primaryImageOfPage\":{\"@id\":\"https:\/\/nszzfipwkrakow.pl\/?page_id=117#primaryimage\"},\"image\":{\"@id\":\"https:\/\/nszzfipwkrakow.pl\/?page_id=117#primaryimage\"},\"thumbnailUrl\":\"http:\/\/nszzfipwkrakow.pl\/wp-content\/uploads\/2020\/02\/tarnow.jpg\",\"datePublished\":\"2020-02-06T19:25:01+00:00\",\"dateModified\":\"2025-04-15T08:55:21+00:00\",\"breadcrumb\":{\"@id\":\"https:\/\/nszzfipwkrakow.pl\/?page_id=117#breadcrumb\"},\"inLanguage\":\"pl-PL\",\"potentialAction\":[{\"@type\":\"ReadAction\",\"target\":[\"https:\/\/nszzfipwkrakow.pl\/?page_id=117\"]}]},{\"@type\":\"ImageObject\",\"inLanguage\":\"pl-PL\",\"@id\":\"https:\/\/nszzfipwkrakow.pl\/?page_id=117#primaryimage\",\"url\":\"https:\/\/nszzfipwkrakow.pl\/wp-content\/uploads\/2020\/02\/tarnow.jpg\",\"contentUrl\":\"https:\/\/nszzfipwkrakow.pl\/wp-content\/uploads\/2020\/02\/tarnow.jpg\",\"width\":100,\"height\":128},{\"@type\":\"BreadcrumbList\",\"@id\":\"https:\/\/nszzfipwkrakow.pl\/?page_id=117#breadcrumb\",\"itemListElement\":[{\"@type\":\"ListItem\",\"position\":1,\"name\":\"Strona g\u0142\u00f3wna\",\"item\":\"https:\/\/nszzfipwkrakow.pl\/\"},{\"@type\":\"ListItem\",\"position\":2,\"name\":\"Zarz\u0105dy Terenowe\"}]},{\"@type\":\"WebSite\",\"@id\":\"https:\/\/nszzfipwkrakow.pl\/#website\",\"url\":\"https:\/\/nszzfipwkrakow.pl\/\",\"name\":\"NSZZFIPW KRAK\u00d3W\",\"description\":\"ZARZ\u0104D OKR\u0118GOWY KRAK\u00d3W\",\"potentialAction\":[{\"@type\":\"SearchAction\",\"target\":{\"@type\":\"EntryPoint\",\"urlTemplate\":\"https:\/\/nszzfipwkrakow.pl\/?s={search_term_string}\"},\"query-input\":{\"@type\":\"PropertyValueSpecification\",\"valueRequired\":true,\"valueName\":\"search_term_string\"}}],\"inLanguage\":\"pl-PL\"}]}<\/script>\n<!-- \/ Yoast SEO plugin. -->","yoast_head_json":{"title":"Zarz\u0105dy Terenowe - NSZZFIPW KRAK\u00d3W","robots":{"index":"index","follow":"follow","max-snippet":"max-snippet:-1","max-image-preview":"max-image-preview:large","max-video-preview":"max-video-preview:-1"},"canonical":"https:\/\/nszzfipwkrakow.pl\/?page_id=117","og_locale":"pl_PL","og_type":"article","og_title":"Zarz\u0105dy Terenowe - NSZZFIPW KRAK\u00d3W","og_description":"Tu znajdziesz list\u0119 wszystkich Zarz\u0105d\u00f3w Terenowych znajduj\u0105cych si\u0119 pod piecz\u0105 Zarz\u0105du Okr\u0119gowego NSZZFiPW Krak\u00f3w oraz jej cz\u0142onk\u00f3w Informujemy, \u017ce&nbsp;Zarz\u0105d Okr\u0119gowy w Krakowie&nbsp;koordynuje dzia\u0142alno\u015b\u0107 zwi\u0105zkow\u0105 w wojew\u00f3dztwie ma\u0142opolski i \u015bwi\u0119tokrzyskim. Organizacje terenowe dzia\u0142aj\u0105 w nast\u0119puj\u0105cych jednostkach:&nbsp; &nbsp;&nbsp;&nbsp;&nbsp;&nbsp;&nbsp;&nbsp;&nbsp;&nbsp;&nbsp; A\u015a KRAK\u00d3W &nbsp;&nbsp;&nbsp;&nbsp;&nbsp;&nbsp;&nbsp;&nbsp;&nbsp;&nbsp; OZ KRAK\u00d3W NOWA-HUTA,&nbsp; &nbsp;&nbsp;&nbsp;&nbsp;&nbsp;&nbsp;&nbsp;&nbsp;&nbsp;&nbsp; A\u015a KIELCE,&nbsp; &nbsp;&nbsp;&nbsp;&nbsp;&nbsp;&nbsp;&nbsp;&nbsp;&nbsp;&nbsp; ZK NOWY S\u0104CZ,&nbsp; &nbsp;&nbsp;&nbsp;&nbsp;&nbsp;&nbsp;&nbsp;&nbsp;&nbsp;&nbsp; ZK NOWY WI\u015aNICZ,&nbsp; &nbsp;&nbsp;&nbsp;&nbsp;&nbsp;&nbsp;&nbsp;&nbsp;&nbsp;&nbsp; ZK...","og_url":"https:\/\/nszzfipwkrakow.pl\/?page_id=117","og_site_name":"NSZZFIPW KRAK\u00d3W","article_modified_time":"2025-04-15T08:55:21+00:00","og_image":[{"width":100,"height":128,"url":"https:\/\/nszzfipwkrakow.pl\/wp-content\/uploads\/2020\/02\/tarnow.jpg","type":"image\/jpeg"}],"twitter_card":"summary_large_image","twitter_misc":{"Szacowany czas czytania":"5 minut"},"schema":{"@context":"https:\/\/schema.org","@graph":[{"@type":"WebPage","@id":"https:\/\/nszzfipwkrakow.pl\/?page_id=117","url":"https:\/\/nszzfipwkrakow.pl\/?page_id=117","name":"Zarz\u0105dy Terenowe - NSZZFIPW KRAK\u00d3W","isPartOf":{"@id":"https:\/\/nszzfipwkrakow.pl\/#website"},"primaryImageOfPage":{"@id":"https:\/\/nszzfipwkrakow.pl\/?page_id=117#primaryimage"},"image":{"@id":"https:\/\/nszzfipwkrakow.pl\/?page_id=117#primaryimage"},"thumbnailUrl":"http:\/\/nszzfipwkrakow.pl\/wp-content\/uploads\/2020\/02\/tarnow.jpg","datePublished":"2020-02-06T19:25:01+00:00","dateModified":"2025-04-15T08:55:21+00:00","breadcrumb":{"@id":"https:\/\/nszzfipwkrakow.pl\/?page_id=117#breadcrumb"},"inLanguage":"pl-PL","potentialAction":[{"@type":"ReadAction","target":["https:\/\/nszzfipwkrakow.pl\/?page_id=117"]}]},{"@type":"ImageObject","inLanguage":"pl-PL","@id":"https:\/\/nszzfipwkrakow.pl\/?page_id=117#primaryimage","url":"https:\/\/nszzfipwkrakow.pl\/wp-content\/uploads\/2020\/02\/tarnow.jpg","contentUrl":"https:\/\/nszzfipwkrakow.pl\/wp-content\/uploads\/2020\/02\/tarnow.jpg","width":100,"height":128},{"@type":"BreadcrumbList","@id":"https:\/\/nszzfipwkrakow.pl\/?page_id=117#breadcrumb","itemListElement":[{"@type":"ListItem","position":1,"name":"Strona g\u0142\u00f3wna","item":"https:\/\/nszzfipwkrakow.pl\/"},{"@type":"ListItem","position":2,"name":"Zarz\u0105dy Terenowe"}]},{"@type":"WebSite","@id":"https:\/\/nszzfipwkrakow.pl\/#website","url":"https:\/\/nszzfipwkrakow.pl\/","name":"NSZZFIPW KRAK\u00d3W","description":"ZARZ\u0104D OKR\u0118GOWY KRAK\u00d3W","potentialAction":[{"@type":"SearchAction","target":{"@type":"EntryPoint","urlTemplate":"https:\/\/nszzfipwkrakow.pl\/?s={search_term_string}"},"query-input":{"@type":"PropertyValueSpecification","valueRequired":true,"valueName":"search_term_string"}}],"inLanguage":"pl-PL"}]}},"_links":{"self":[{"href":"https:\/\/nszzfipwkrakow.pl\/index.php?rest_route=\/wp\/v2\/pages\/117","targetHints":{"allow":["GET"]}}],"collection":[{"href":"https:\/\/nszzfipwkrakow.pl\/index.php?rest_route=\/wp\/v2\/pages"}],"about":[{"href":"https:\/\/nszzfipwkrakow.pl\/index.php?rest_route=\/wp\/v2\/types\/page"}],"author":[{"embeddable":true,"href":"https:\/\/nszzfipwkrakow.pl\/index.php?rest_route=\/wp\/v2\/users\/1"}],"replies":[{"embeddable":true,"href":"https:\/\/nszzfipwkrakow.pl\/index.php?rest_route=%2Fwp%2Fv2%2Fcomments&post=117"}],"version-history":[{"count":94,"href":"https:\/\/nszzfipwkrakow.pl\/index.php?rest_route=\/wp\/v2\/pages\/117\/revisions"}],"predecessor-version":[{"id":3334,"href":"https:\/\/nszzfipwkrakow.pl\/index.php?rest_route=\/wp\/v2\/pages\/117\/revisions\/3334"}],"wp:attachment":[{"href":"https:\/\/nszzfipwkrakow.pl\/index.php?rest_route=%2Fwp%2Fv2%2Fmedia&parent=117"}],"curies":[{"name":"wp","href":"https:\/\/api.w.org\/{rel}","templated":true}]}}