{"id":2,"date":"2020-01-07T12:23:11","date_gmt":"2020-01-07T11:23:11","guid":{"rendered":"http:\/\/217.117.138.41\/?page_id=2"},"modified":"2021-07-13T12:31:16","modified_gmt":"2021-07-13T10:31:16","slug":"przykladowa-strona","status":"publish","type":"page","link":"https:\/\/nszzfipwkrakow.pl\/?page_id=2","title":{"rendered":"Jak zapisa\u0107 si\u0119 do NSZZFiPW Krak\u00f3w?"},"content":{"rendered":"\n<p>Jeste\u015b funkcjonariuszem lub pracownikiem S\u0142u\u017cby Wi\u0119ziennej? Zapraszamy do Niezale\u017cnego Samorz\u0105dnego Zwi\u0105zku Zadowodwego Funkcjonariuszy i Pracownik\u00f3w S\u0142u\u017cby Wi\u0119ziennej. <\/p>\n\n\n\n<p>Wsp\u00f3lnie mo\u017cemy zdzia\u0142a\u0107 wi\u0119cej. Dzia\u0142amy:<\/p>\n\n\n\n<ul class=\"wp-block-list\"><li> w trosce o skuteczne dzia\u0142ania na rzecz kszta\u0142towania godnego bytu i wizerunku funkcjonariusza S\u0142u\u017cby Wi\u0119ziennej, poprzez przestrzeganie zasad etyki zawodowej i reprezentowanie ich interes\u00f3w,  <\/li><li> w trosce o jak najlepsze wykonywanie zada\u0144 s\u0142u\u017cbowych, poprzez podnoszenie wiedzy penitencjarnej, umiej\u0119tno\u015bci zawodowych, kszta\u0142towanie postaw humanistycznych i praworz\u0105dno\u015bci, <\/li><li> a tak\u017ce apolityczno\u015bci S\u0142u\u017cby, odwo\u0142uj\u0105c si\u0119 do \u015bwiat\u0142ych idei penitencjarnych przy\u015bwiecaj\u0105cych dzia\u0142aniom Stra\u017cy Wi\u0119ziennej II Rzeczypospolitej, czuj\u0105c si\u0119 spadkobiercami i kontynuatorami my\u015bli, osi\u0105gni\u0119\u0107 i dorobku Zwi\u0105zku Pracownik\u00f3w Wi\u0119ziennych Rzeczypospolitej Polskiej (powsta\u0142ego w czerwcu 1919 r.).<\/li><\/ul>\n\n\n\n<h2 class=\"wp-block-heading\">DO\u0141\u0104CZ DO NAS:<\/h2>\n\n\n\n<ul class=\"wp-block-list\"><li><a href=\"https:\/\/www.nszzfipw.org.pl\/wp-content\/uploads\/2018\/08\/IMG_00031.pdf\">Deklaracja przyj\u0119cia w poczet NSZZ FiPW Funkcjonariusz<\/a><\/li><li> <a href=\"https:\/\/www.nszzfipw.org.pl\/wp-content\/uploads\/2018\/08\/IMG_0004.pdf\">Deklaracja przyj\u0119cia w poczet NSZZ FiPW Emeryt<\/a> <\/li><\/ul>\n","protected":false},"excerpt":{"rendered":"<p>Jeste\u015b funkcjonariuszem lub pracownikiem S\u0142u\u017cby Wi\u0119ziennej? Zapraszamy do Niezale\u017cnego Samorz\u0105dnego Zwi\u0105zku Zadowodwego Funkcjonariuszy i Pracownik\u00f3w S\u0142u\u017cby Wi\u0119ziennej. Wsp\u00f3lnie mo\u017cemy zdzia\u0142a\u0107 wi\u0119cej. Dzia\u0142amy: w trosce o skuteczne dzia\u0142ania na rzecz kszta\u0142towania godnego bytu i wizerunku funkcjonariusza S\u0142u\u017cby Wi\u0119ziennej, poprzez przestrzeganie zasad etyki zawodowej i reprezentowanie ich interes\u00f3w, w trosce o jak najlepsze wykonywanie zada\u0144 s\u0142u\u017cbowych, poprzez&#8230; <\/p>\n","protected":false},"author":1,"featured_media":0,"parent":0,"menu_order":0,"comment_status":"closed","ping_status":"open","template":"","meta":{"footnotes":""},"class_list":["post-2","page","type-page","status-publish","hentry"],"yoast_head":"<!-- This site is optimized with the Yoast SEO plugin v23.6 - https:\/\/yoast.com\/wordpress\/plugins\/seo\/ -->\n<title>Jak zapisa\u0107 si\u0119 do NSZZFiPW Krak\u00f3w? - NSZZFIPW KRAK\u00d3W<\/title>\n<meta name=\"description\" content=\"Nie wiesz, jak zapisa\u0107 si\u0119 do NSZZFiPW oddzia\u0142 w Krakowie? Tutaj znajdziesz wszystkie niezb\u0119dne informacje. Zapraszamy do naszego Zwi\u0105zku.\" \/>\n<meta name=\"robots\" content=\"index, follow, max-snippet:-1, max-image-preview:large, max-video-preview:-1\" \/>\n<link rel=\"canonical\" href=\"https:\/\/nszzfipwkrakow.pl\/?page_id=2\" \/>\n<meta property=\"og:locale\" content=\"pl_PL\" \/>\n<meta property=\"og:type\" content=\"article\" \/>\n<meta property=\"og:title\" content=\"Jak zapisa\u0107 si\u0119 do NSZZFiPW Krak\u00f3w? - NSZZFIPW KRAK\u00d3W\" \/>\n<meta property=\"og:description\" content=\"Nie wiesz, jak zapisa\u0107 si\u0119 do NSZZFiPW oddzia\u0142 w Krakowie? Tutaj znajdziesz wszystkie niezb\u0119dne informacje. Zapraszamy do naszego Zwi\u0105zku.\" \/>\n<meta property=\"og:url\" content=\"https:\/\/nszzfipwkrakow.pl\/?page_id=2\" \/>\n<meta property=\"og:site_name\" content=\"NSZZFIPW KRAK\u00d3W\" \/>\n<meta property=\"article:modified_time\" content=\"2021-07-13T10:31:16+00:00\" \/>\n<meta name=\"twitter:card\" content=\"summary_large_image\" \/>\n<meta name=\"twitter:label1\" content=\"Szacowany czas czytania\" \/>\n\t<meta name=\"twitter:data1\" content=\"1 minuta\" \/>\n<script type=\"application\/ld+json\" class=\"yoast-schema-graph\">{\"@context\":\"https:\/\/schema.org\",\"@graph\":[{\"@type\":\"WebPage\",\"@id\":\"https:\/\/nszzfipwkrakow.pl\/?page_id=2\",\"url\":\"https:\/\/nszzfipwkrakow.pl\/?page_id=2\",\"name\":\"Jak zapisa\u0107 si\u0119 do NSZZFiPW Krak\u00f3w? - NSZZFIPW KRAK\u00d3W\",\"isPartOf\":{\"@id\":\"https:\/\/nszzfipwkrakow.pl\/#website\"},\"datePublished\":\"2020-01-07T11:23:11+00:00\",\"dateModified\":\"2021-07-13T10:31:16+00:00\",\"description\":\"Nie wiesz, jak zapisa\u0107 si\u0119 do NSZZFiPW oddzia\u0142 w Krakowie? Tutaj znajdziesz wszystkie niezb\u0119dne informacje. Zapraszamy do naszego Zwi\u0105zku.\",\"breadcrumb\":{\"@id\":\"https:\/\/nszzfipwkrakow.pl\/?page_id=2#breadcrumb\"},\"inLanguage\":\"pl-PL\",\"potentialAction\":[{\"@type\":\"ReadAction\",\"target\":[\"https:\/\/nszzfipwkrakow.pl\/?page_id=2\"]}]},{\"@type\":\"BreadcrumbList\",\"@id\":\"https:\/\/nszzfipwkrakow.pl\/?page_id=2#breadcrumb\",\"itemListElement\":[{\"@type\":\"ListItem\",\"position\":1,\"name\":\"Strona g\u0142\u00f3wna\",\"item\":\"https:\/\/nszzfipwkrakow.pl\/\"},{\"@type\":\"ListItem\",\"position\":2,\"name\":\"Jak zapisa\u0107 si\u0119 do NSZZFiPW Krak\u00f3w?\"}]},{\"@type\":\"WebSite\",\"@id\":\"https:\/\/nszzfipwkrakow.pl\/#website\",\"url\":\"https:\/\/nszzfipwkrakow.pl\/\",\"name\":\"NSZZFIPW KRAK\u00d3W\",\"description\":\"ZARZ\u0104D OKR\u0118GOWY KRAK\u00d3W\",\"potentialAction\":[{\"@type\":\"SearchAction\",\"target\":{\"@type\":\"EntryPoint\",\"urlTemplate\":\"https:\/\/nszzfipwkrakow.pl\/?s={search_term_string}\"},\"query-input\":{\"@type\":\"PropertyValueSpecification\",\"valueRequired\":true,\"valueName\":\"search_term_string\"}}],\"inLanguage\":\"pl-PL\"}]}<\/script>\n<!-- \/ Yoast SEO plugin. -->","yoast_head_json":{"title":"Jak zapisa\u0107 si\u0119 do NSZZFiPW Krak\u00f3w? - NSZZFIPW KRAK\u00d3W","description":"Nie wiesz, jak zapisa\u0107 si\u0119 do NSZZFiPW oddzia\u0142 w Krakowie? Tutaj znajdziesz wszystkie niezb\u0119dne informacje. Zapraszamy do naszego Zwi\u0105zku.","robots":{"index":"index","follow":"follow","max-snippet":"max-snippet:-1","max-image-preview":"max-image-preview:large","max-video-preview":"max-video-preview:-1"},"canonical":"https:\/\/nszzfipwkrakow.pl\/?page_id=2","og_locale":"pl_PL","og_type":"article","og_title":"Jak zapisa\u0107 si\u0119 do NSZZFiPW Krak\u00f3w? - NSZZFIPW KRAK\u00d3W","og_description":"Nie wiesz, jak zapisa\u0107 si\u0119 do NSZZFiPW oddzia\u0142 w Krakowie? Tutaj znajdziesz wszystkie niezb\u0119dne informacje. Zapraszamy do naszego Zwi\u0105zku.","og_url":"https:\/\/nszzfipwkrakow.pl\/?page_id=2","og_site_name":"NSZZFIPW KRAK\u00d3W","article_modified_time":"2021-07-13T10:31:16+00:00","twitter_card":"summary_large_image","twitter_misc":{"Szacowany czas czytania":"1 minuta"},"schema":{"@context":"https:\/\/schema.org","@graph":[{"@type":"WebPage","@id":"https:\/\/nszzfipwkrakow.pl\/?page_id=2","url":"https:\/\/nszzfipwkrakow.pl\/?page_id=2","name":"Jak zapisa\u0107 si\u0119 do NSZZFiPW Krak\u00f3w? - NSZZFIPW KRAK\u00d3W","isPartOf":{"@id":"https:\/\/nszzfipwkrakow.pl\/#website"},"datePublished":"2020-01-07T11:23:11+00:00","dateModified":"2021-07-13T10:31:16+00:00","description":"Nie wiesz, jak zapisa\u0107 si\u0119 do NSZZFiPW oddzia\u0142 w Krakowie? Tutaj znajdziesz wszystkie niezb\u0119dne informacje. Zapraszamy do naszego Zwi\u0105zku.","breadcrumb":{"@id":"https:\/\/nszzfipwkrakow.pl\/?page_id=2#breadcrumb"},"inLanguage":"pl-PL","potentialAction":[{"@type":"ReadAction","target":["https:\/\/nszzfipwkrakow.pl\/?page_id=2"]}]},{"@type":"BreadcrumbList","@id":"https:\/\/nszzfipwkrakow.pl\/?page_id=2#breadcrumb","itemListElement":[{"@type":"ListItem","position":1,"name":"Strona g\u0142\u00f3wna","item":"https:\/\/nszzfipwkrakow.pl\/"},{"@type":"ListItem","position":2,"name":"Jak zapisa\u0107 si\u0119 do NSZZFiPW Krak\u00f3w?"}]},{"@type":"WebSite","@id":"https:\/\/nszzfipwkrakow.pl\/#website","url":"https:\/\/nszzfipwkrakow.pl\/","name":"NSZZFIPW KRAK\u00d3W","description":"ZARZ\u0104D OKR\u0118GOWY KRAK\u00d3W","potentialAction":[{"@type":"SearchAction","target":{"@type":"EntryPoint","urlTemplate":"https:\/\/nszzfipwkrakow.pl\/?s={search_term_string}"},"query-input":{"@type":"PropertyValueSpecification","valueRequired":true,"valueName":"search_term_string"}}],"inLanguage":"pl-PL"}]}},"_links":{"self":[{"href":"https:\/\/nszzfipwkrakow.pl\/index.php?rest_route=\/wp\/v2\/pages\/2","targetHints":{"allow":["GET"]}}],"collection":[{"href":"https:\/\/nszzfipwkrakow.pl\/index.php?rest_route=\/wp\/v2\/pages"}],"about":[{"href":"https:\/\/nszzfipwkrakow.pl\/index.php?rest_route=\/wp\/v2\/types\/page"}],"author":[{"embeddable":true,"href":"https:\/\/nszzfipwkrakow.pl\/index.php?rest_route=\/wp\/v2\/users\/1"}],"replies":[{"embeddable":true,"href":"https:\/\/nszzfipwkrakow.pl\/index.php?rest_route=%2Fwp%2Fv2%2Fcomments&post=2"}],"version-history":[{"count":10,"href":"https:\/\/nszzfipwkrakow.pl\/index.php?rest_route=\/wp\/v2\/pages\/2\/revisions"}],"predecessor-version":[{"id":2634,"href":"https:\/\/nszzfipwkrakow.pl\/index.php?rest_route=\/wp\/v2\/pages\/2\/revisions\/2634"}],"wp:attachment":[{"href":"https:\/\/nszzfipwkrakow.pl\/index.php?rest_route=%2Fwp%2Fv2%2Fmedia&parent=2"}],"curies":[{"name":"wp","href":"https:\/\/api.w.org\/{rel}","templated":true}]}}