{"id":307,"date":"2020-02-17T18:00:44","date_gmt":"2020-02-17T17:00:44","guid":{"rendered":"http:\/\/217.117.138.41\/?page_id=307"},"modified":"2020-03-12T16:11:38","modified_gmt":"2020-03-12T15:11:38","slug":"aktualnosci","status":"publish","type":"page","link":"https:\/\/nszzfipwkrakow.pl\/?page_id=307","title":{"rendered":"STRONA G\u0141\u00d3WNA"},"content":{"rendered":"\n<h2 class=\"wp-block-heading\"><strong>Tu znajdziesz aktualne informacje o bie\u017c\u0105cej dzia\u0142alno\u015bci NSZZFiPW Krak\u00f3w. Dowied\u017a si\u0119 wi\u0119cej czytaj\u0105c nowe wiadomo\u015bci. <\/strong><\/h2>\n\n\n\n<p> Zapoznaj si\u0119 z najnowszymi wiadomo\u015bciami i b\u0105d\u017a na bie\u017caco. Je\u017celi intereuj\u0105 was starsze wpisy to nale\u017cy wykorzysta\u0107 menu boczne, gdzie znajduje si\u0119 archiwum wpis\u00f3w oraz wyszukiwarka.<\/p>\n\n\n\n<p><\/p>\n\n\n\n<hr class=\"wp-block-separator\"\/>\n\n\n\n<p><\/p>\n\n\n\n<div class=\"news-box  \">\r\n\r\n\t\t\t\t\t\t\t\t<div class=\"news-thumb\">\r\n\r\n\t\t\t\t\t\t\t\t\t<a href=\"https:\/\/nszzfipwkrakow.pl\/?p=3766\"><img decoding=\"async\" src=\"https:\/\/nszzfipwkrakow.pl\/wp-content\/uploads\/2026\/04\/655601684_122274501242187424_3343615403893610782_n-1024x768.jpg\" alt=\"\" \/><\/a>\r\n\r\n\t\t\t\t\t\t\t\t<\/div>\r\n\r\n\t\t\t\t\t\t\t\t<div class=\"news\">\r\n\r\n\t\t\t\t\t\t\t\t\t<a href=\"https:\/\/nszzfipwkrakow.pl\/?p=3766\"><h3>Wizytacja oraz Okr\u0119gowe Mistrzostwa w pi\u0142ce halowej<\/h3><\/a>\r\n\r\n\t\t\t\t\t\t\t\t\t<div class=\"date-news\">\r\n\r\n\t\t\t\t\t\t\t\t\t\t<span class=\"byadmin-home\">Posted By <a href=\"https:\/\/nszzfipwkrakow.pl\/?author=1\" title=\"admin\" rel=\"me\">admin<\/a>&nbsp;<\/span>\r\n\r\n\t\t\t\t\t\t\t\t\t\t<span>Posted On 26-mar-2026<\/span>\r\n\r\n\t\t\t\t\t\t\t\t\t\t\r\n\r\n\t\t\t\t\t\t\t\t\t<\/div>\r\n\r\n\t\t\t\t\t\t\t\t\t <p>W dniu dzisiejszym Przewodnicz\u0105cy Zarz\u0105du Okr\u0119gowego Jacek Mr\u00f3z wraz z Cz\u0142onkiem Zarz\u0105du Okr\u0119gowego Marcinem W\u00f3jcikiem uczestniczyli w Zebraniu Og\u00f3lnym Organizacji Terenowej NSZZFiPW w Areszcie \u015aledczym w Kielcach. Spotkanie stanowi\u0142o wa\u017cn\u0105 okazj\u0119 do om\u00f3wienia bie\u017c\u0105cych&#8230;<\/p>\n \r\n\r\n\t\t\t\t\t\t\t\t\t <a href=\"https:\/\/nszzfipwkrakow.pl\/?p=3766\" class=\"linkreadmore\">Wi\u0119cej informacji<\/a>\r\n\r\n\t\t\t\t\t\t\t\t<\/div>\r\n\r\n                        <\/div><div class=\"news-box  \">\r\n\r\n\t\t\t\t\t\t\t\t<div class=\"news-thumb\">\r\n\r\n\t\t\t\t\t\t\t\t\t<a href=\"https:\/\/nszzfipwkrakow.pl\/?p=3761\"><img decoding=\"async\" src=\"https:\/\/nszzfipwkrakow.pl\/wp-content\/uploads\/2026\/03\/mandoria1.jpg\" alt=\"\" \/><\/a>\r\n\r\n\t\t\t\t\t\t\t\t<\/div>\r\n\r\n\t\t\t\t\t\t\t\t<div class=\"news\">\r\n\r\n\t\t\t\t\t\t\t\t\t<a href=\"https:\/\/nszzfipwkrakow.pl\/?p=3761\"><h3>Rabat 20% park rozrywki MANDORIA<\/h3><\/a>\r\n\r\n\t\t\t\t\t\t\t\t\t<div class=\"date-news\">\r\n\r\n\t\t\t\t\t\t\t\t\t\t<span class=\"byadmin-home\">Posted By <a href=\"https:\/\/nszzfipwkrakow.pl\/?author=1\" title=\"admin\" rel=\"me\">admin<\/a>&nbsp;<\/span>\r\n\r\n\t\t\t\t\t\t\t\t\t\t<span>Posted On 18-mar-2026<\/span>\r\n\r\n\t\t\t\t\t\t\t\t\t\t\r\n\r\n\t\t\t\t\t\t\t\t\t<\/div>\r\n\r\n\t\t\t\t\t\t\t\t\t  \r\n\r\n\t\t\t\t\t\t\t\t\t <a href=\"https:\/\/nszzfipwkrakow.pl\/?p=3761\" class=\"linkreadmore\">Wi\u0119cej informacji<\/a>\r\n\r\n\t\t\t\t\t\t\t\t<\/div>\r\n\r\n                        <\/div><div class=\"news-box last\">\r\n\r\n\t\t\t\t\t\t\t\t<div class=\"news-thumb\">\r\n\r\n\t\t\t\t\t\t\t\t\t<a href=\"https:\/\/nszzfipwkrakow.pl\/?p=3757\"><img decoding=\"async\" src=\"https:\/\/nszzfipwkrakow.pl\/wp-content\/uploads\/2026\/03\/multikino1.jpg\" alt=\"\" \/><\/a>\r\n\r\n\t\t\t\t\t\t\t\t<\/div>\r\n\r\n\t\t\t\t\t\t\t\t<div class=\"news\">\r\n\r\n\t\t\t\t\t\t\t\t\t<a href=\"https:\/\/nszzfipwkrakow.pl\/?p=3757\"><h3>Multikino KUP KUPONY<\/h3><\/a>\r\n\r\n\t\t\t\t\t\t\t\t\t<div class=\"date-news\">\r\n\r\n\t\t\t\t\t\t\t\t\t\t<span class=\"byadmin-home\">Posted By <a href=\"https:\/\/nszzfipwkrakow.pl\/?author=1\" title=\"admin\" rel=\"me\">admin<\/a>&nbsp;<\/span>\r\n\r\n\t\t\t\t\t\t\t\t\t\t<span>Posted On 17-mar-2026<\/span>\r\n\r\n\t\t\t\t\t\t\t\t\t\t\r\n\r\n\t\t\t\t\t\t\t\t\t<\/div>\r\n\r\n\t\t\t\t\t\t\t\t\t  \r\n\r\n\t\t\t\t\t\t\t\t\t <a href=\"https:\/\/nszzfipwkrakow.pl\/?p=3757\" class=\"linkreadmore\">Wi\u0119cej informacji<\/a>\r\n\r\n\t\t\t\t\t\t\t\t<\/div>\r\n\r\n                        <\/div><div class=\"clear\"><\/div><div class=\"news-box  \">\r\n\r\n\t\t\t\t\t\t\t\t<div class=\"news-thumb\">\r\n\r\n\t\t\t\t\t\t\t\t\t<a href=\"https:\/\/nszzfipwkrakow.pl\/?p=3730\"><img decoding=\"async\" src=\"https:\/\/nszzfipwkrakow.pl\/wp-content\/uploads\/2026\/03\/652341717_122272762364187424_4528878838503972342_n-1024x683.jpg\" alt=\"\" \/><\/a>\r\n\r\n\t\t\t\t\t\t\t\t<\/div>\r\n\r\n\t\t\t\t\t\t\t\t<div class=\"news\">\r\n\r\n\t\t\t\t\t\t\t\t\t<a href=\"https:\/\/nszzfipwkrakow.pl\/?p=3730\"><h3>35-lecie NSZZ FiPW Okr\u0119gu Krakowskiego<\/h3><\/a>\r\n\r\n\t\t\t\t\t\t\t\t\t<div class=\"date-news\">\r\n\r\n\t\t\t\t\t\t\t\t\t\t<span class=\"byadmin-home\">Posted By <a href=\"https:\/\/nszzfipwkrakow.pl\/?author=1\" title=\"admin\" rel=\"me\">admin<\/a>&nbsp;<\/span>\r\n\r\n\t\t\t\t\t\t\t\t\t\t<span>Posted On 13-mar-2026<\/span>\r\n\r\n\t\t\t\t\t\t\t\t\t\t\r\n\r\n\t\t\t\t\t\t\t\t\t<\/div>\r\n\r\n\t\t\t\t\t\t\t\t\t <p>12 marca 2026 roku w Bukowinie Tatrza\u0144skiej odby\u0142y si\u0119 uroczyste Okr\u0119gowe Obchody 35-lecia Niezale\u017cnego Samorz\u0105dnego Zwi\u0105zku Zawodowego Funkcjonariuszy i Pracownik\u00f3w Wi\u0119ziennictwa w Okr\u0119gowy Inspektorat S\u0142u\u017cby Wi\u0119ziennej w Krakowie. By\u0142a to wyj\u0105tkowa okazja do wsp\u00f3lnego&#8230;<\/p>\n \r\n\r\n\t\t\t\t\t\t\t\t\t <a href=\"https:\/\/nszzfipwkrakow.pl\/?p=3730\" class=\"linkreadmore\">Wi\u0119cej informacji<\/a>\r\n\r\n\t\t\t\t\t\t\t\t<\/div>\r\n\r\n                        <\/div><div class=\"news-box  \">\r\n\r\n\t\t\t\t\t\t\t\t<div class=\"news-thumb\">\r\n\r\n\t\t\t\t\t\t\t\t\t<a href=\"https:\/\/nszzfipwkrakow.pl\/?p=3674\"><img decoding=\"async\" src=\"https:\/\/nszzfipwkrakow.pl\/wp-content\/uploads\/2026\/03\/dzien-kobiet1.png\" alt=\"\" \/><\/a>\r\n\r\n\t\t\t\t\t\t\t\t<\/div>\r\n\r\n\t\t\t\t\t\t\t\t<div class=\"news\">\r\n\r\n\t\t\t\t\t\t\t\t\t<a href=\"https:\/\/nszzfipwkrakow.pl\/?p=3674\"><h3>Dzie\u0144 kobiet<\/h3><\/a>\r\n\r\n\t\t\t\t\t\t\t\t\t<div class=\"date-news\">\r\n\r\n\t\t\t\t\t\t\t\t\t\t<span class=\"byadmin-home\">Posted By <a href=\"https:\/\/nszzfipwkrakow.pl\/?author=1\" title=\"admin\" rel=\"me\">admin<\/a>&nbsp;<\/span>\r\n\r\n\t\t\t\t\t\t\t\t\t\t<span>Posted On 08-mar-2026<\/span>\r\n\r\n\t\t\t\t\t\t\t\t\t\t\r\n\r\n\t\t\t\t\t\t\t\t\t<\/div>\r\n\r\n\t\t\t\t\t\t\t\t\t  \r\n\r\n\t\t\t\t\t\t\t\t\t <a href=\"https:\/\/nszzfipwkrakow.pl\/?p=3674\" class=\"linkreadmore\">Wi\u0119cej informacji<\/a>\r\n\r\n\t\t\t\t\t\t\t\t<\/div>\r\n\r\n                        <\/div><div class=\"news-box last\">\r\n\r\n\t\t\t\t\t\t\t\t<div class=\"news-thumb\">\r\n\r\n\t\t\t\t\t\t\t\t\t<a href=\"https:\/\/nszzfipwkrakow.pl\/?p=3678\"><img decoding=\"async\" src=\"https:\/\/nszzfipwkrakow.pl\/wp-content\/uploads\/2026\/03\/multisport1.png\" alt=\"\" \/><\/a>\r\n\r\n\t\t\t\t\t\t\t\t<\/div>\r\n\r\n\t\t\t\t\t\t\t\t<div class=\"news\">\r\n\r\n\t\t\t\t\t\t\t\t\t<a href=\"https:\/\/nszzfipwkrakow.pl\/?p=3678\"><h3>Pakiet sportowy rusza od 1 kwietnia, zapisy do 20 marca<\/h3><\/a>\r\n\r\n\t\t\t\t\t\t\t\t\t<div class=\"date-news\">\r\n\r\n\t\t\t\t\t\t\t\t\t\t<span class=\"byadmin-home\">Posted By <a href=\"https:\/\/nszzfipwkrakow.pl\/?author=1\" title=\"admin\" rel=\"me\">admin<\/a>&nbsp;<\/span>\r\n\r\n\t\t\t\t\t\t\t\t\t\t<span>Posted On 06-mar-2026<\/span>\r\n\r\n\t\t\t\t\t\t\t\t\t\t\r\n\r\n\t\t\t\t\t\t\t\t\t<\/div>\r\n\r\n\t\t\t\t\t\t\t\t\t  \r\n\r\n\t\t\t\t\t\t\t\t\t <a href=\"https:\/\/nszzfipwkrakow.pl\/?p=3678\" class=\"linkreadmore\">Wi\u0119cej informacji<\/a>\r\n\r\n\t\t\t\t\t\t\t\t<\/div>\r\n\r\n                        <\/div><div class=\"clear\"><\/div><div class=\"news-box  \">\r\n\r\n\t\t\t\t\t\t\t\t<div class=\"news-thumb\">\r\n\r\n\t\t\t\t\t\t\t\t\t<a href=\"https:\/\/nszzfipwkrakow.pl\/?p=3682\"><img decoding=\"async\" src=\"https:\/\/nszzfipwkrakow.pl\/wp-content\/uploads\/2026\/03\/pit1.png\" alt=\"\" \/><\/a>\r\n\r\n\t\t\t\t\t\t\t\t<\/div>\r\n\r\n\t\t\t\t\t\t\t\t<div class=\"news\">\r\n\r\n\t\t\t\t\t\t\t\t\t<a href=\"https:\/\/nszzfipwkrakow.pl\/?p=3682\"><h3>Sk\u0142adki zwi\u0105zkowe mo\u017cesz odliczy\u0107 w PIT!<\/h3><\/a>\r\n\r\n\t\t\t\t\t\t\t\t\t<div class=\"date-news\">\r\n\r\n\t\t\t\t\t\t\t\t\t\t<span class=\"byadmin-home\">Posted By <a href=\"https:\/\/nszzfipwkrakow.pl\/?author=1\" title=\"admin\" rel=\"me\">admin<\/a>&nbsp;<\/span>\r\n\r\n\t\t\t\t\t\t\t\t\t\t<span>Posted On 04-mar-2026<\/span>\r\n\r\n\t\t\t\t\t\t\t\t\t\t\r\n\r\n\t\t\t\t\t\t\t\t\t<\/div>\r\n\r\n\t\t\t\t\t\t\t\t\t  \r\n\r\n\t\t\t\t\t\t\t\t\t <a href=\"https:\/\/nszzfipwkrakow.pl\/?p=3682\" class=\"linkreadmore\">Wi\u0119cej informacji<\/a>\r\n\r\n\t\t\t\t\t\t\t\t<\/div>\r\n\r\n                        <\/div><div class=\"news-box  \">\r\n\r\n\t\t\t\t\t\t\t\t<div class=\"news-thumb\">\r\n\r\n\t\t\t\t\t\t\t\t\t<a href=\"https:\/\/nszzfipwkrakow.pl\/?p=3686\"><img decoding=\"async\" src=\"https:\/\/nszzfipwkrakow.pl\/wp-content\/uploads\/2026\/03\/fundusz-pomocy-doraznej1.png\" alt=\"\" \/><\/a>\r\n\r\n\t\t\t\t\t\t\t\t<\/div>\r\n\r\n\t\t\t\t\t\t\t\t<div class=\"news\">\r\n\r\n\t\t\t\t\t\t\t\t\t<a href=\"https:\/\/nszzfipwkrakow.pl\/?p=3686\"><h3>Fundusz pomocy dora\u017anej<\/h3><\/a>\r\n\r\n\t\t\t\t\t\t\t\t\t<div class=\"date-news\">\r\n\r\n\t\t\t\t\t\t\t\t\t\t<span class=\"byadmin-home\">Posted By <a href=\"https:\/\/nszzfipwkrakow.pl\/?author=1\" title=\"admin\" rel=\"me\">admin<\/a>&nbsp;<\/span>\r\n\r\n\t\t\t\t\t\t\t\t\t\t<span>Posted On 03-mar-2026<\/span>\r\n\r\n\t\t\t\t\t\t\t\t\t\t\r\n\r\n\t\t\t\t\t\t\t\t\t<\/div>\r\n\r\n\t\t\t\t\t\t\t\t\t  \r\n\r\n\t\t\t\t\t\t\t\t\t <a href=\"https:\/\/nszzfipwkrakow.pl\/?p=3686\" class=\"linkreadmore\">Wi\u0119cej informacji<\/a>\r\n\r\n\t\t\t\t\t\t\t\t<\/div>\r\n\r\n                        <\/div><div class=\"news-box last\">\r\n\r\n\t\t\t\t\t\t\t\t<div class=\"news-thumb\">\r\n\r\n\t\t\t\t\t\t\t\t\t<a href=\"https:\/\/nszzfipwkrakow.pl\/?p=3690\"><img decoding=\"async\" src=\"https:\/\/nszzfipwkrakow.pl\/wp-content\/uploads\/2026\/03\/fundusz-ochrony-prawnej1.png\" alt=\"\" \/><\/a>\r\n\r\n\t\t\t\t\t\t\t\t<\/div>\r\n\r\n\t\t\t\t\t\t\t\t<div class=\"news\">\r\n\r\n\t\t\t\t\t\t\t\t\t<a href=\"https:\/\/nszzfipwkrakow.pl\/?p=3690\"><h3>Fundusz ochrony prawnej<\/h3><\/a>\r\n\r\n\t\t\t\t\t\t\t\t\t<div class=\"date-news\">\r\n\r\n\t\t\t\t\t\t\t\t\t\t<span class=\"byadmin-home\">Posted By <a href=\"https:\/\/nszzfipwkrakow.pl\/?author=1\" title=\"admin\" rel=\"me\">admin<\/a>&nbsp;<\/span>\r\n\r\n\t\t\t\t\t\t\t\t\t\t<span>Posted On 02-mar-2026<\/span>\r\n\r\n\t\t\t\t\t\t\t\t\t\t\r\n\r\n\t\t\t\t\t\t\t\t\t<\/div>\r\n\r\n\t\t\t\t\t\t\t\t\t  \r\n\r\n\t\t\t\t\t\t\t\t\t <a href=\"https:\/\/nszzfipwkrakow.pl\/?p=3690\" class=\"linkreadmore\">Wi\u0119cej informacji<\/a>\r\n\r\n\t\t\t\t\t\t\t\t<\/div>\r\n\r\n                        <\/div><div class=\"clear\"><\/div><div class=\"news-box  \">\r\n\r\n\t\t\t\t\t\t\t\t<div class=\"news-thumb\">\r\n\r\n\t\t\t\t\t\t\t\t\t<a href=\"https:\/\/nszzfipwkrakow.pl\/?p=3694\"><img decoding=\"async\" src=\"https:\/\/nszzfipwkrakow.pl\/wp-content\/uploads\/2026\/03\/lux-med1.png\" alt=\"\" \/><\/a>\r\n\r\n\t\t\t\t\t\t\t\t<\/div>\r\n\r\n\t\t\t\t\t\t\t\t<div class=\"news\">\r\n\r\n\t\t\t\t\t\t\t\t\t<a href=\"https:\/\/nszzfipwkrakow.pl\/?p=3694\"><h3>Pakiety medyczne LUX MED<\/h3><\/a>\r\n\r\n\t\t\t\t\t\t\t\t\t<div class=\"date-news\">\r\n\r\n\t\t\t\t\t\t\t\t\t\t<span class=\"byadmin-home\">Posted By <a href=\"https:\/\/nszzfipwkrakow.pl\/?author=1\" title=\"admin\" rel=\"me\">admin<\/a>&nbsp;<\/span>\r\n\r\n\t\t\t\t\t\t\t\t\t\t<span>Posted On 01-mar-2026<\/span>\r\n\r\n\t\t\t\t\t\t\t\t\t\t\r\n\r\n\t\t\t\t\t\t\t\t\t<\/div>\r\n\r\n\t\t\t\t\t\t\t\t\t  \r\n\r\n\t\t\t\t\t\t\t\t\t <a href=\"https:\/\/nszzfipwkrakow.pl\/?p=3694\" class=\"linkreadmore\">Wi\u0119cej informacji<\/a>\r\n\r\n\t\t\t\t\t\t\t\t<\/div>\r\n\r\n                        <\/div>\n","protected":false},"excerpt":{"rendered":"<p>Tu znajdziesz aktualne informacje o bie\u017c\u0105cej dzia\u0142alno\u015bci NSZZFiPW Krak\u00f3w. Dowied\u017a si\u0119 wi\u0119cej czytaj\u0105c nowe wiadomo\u015bci. Zapoznaj si\u0119 z najnowszymi wiadomo\u015bciami i b\u0105d\u017a na bie\u017caco. Je\u017celi intereuj\u0105 was starsze wpisy to nale\u017cy wykorzysta\u0107 menu boczne, gdzie znajduje si\u0119 archiwum wpis\u00f3w oraz wyszukiwarka.<\/p>\n","protected":false},"author":1,"featured_media":0,"parent":0,"menu_order":0,"comment_status":"closed","ping_status":"closed","template":"","meta":{"footnotes":""},"class_list":["post-307","page","type-page","status-publish","hentry"],"yoast_head":"<!-- This site is optimized with the Yoast SEO plugin v23.6 - https:\/\/yoast.com\/wordpress\/plugins\/seo\/ -->\n<title>STRONA G\u0141\u00d3WNA - NSZZFIPW KRAK\u00d3W<\/title>\n<meta name=\"robots\" content=\"index, follow, max-snippet:-1, max-image-preview:large, max-video-preview:-1\" \/>\n<link rel=\"canonical\" href=\"https:\/\/nszzfipwkrakow.pl\/?page_id=307\" \/>\n<meta property=\"og:locale\" content=\"pl_PL\" \/>\n<meta property=\"og:type\" content=\"article\" \/>\n<meta property=\"og:title\" content=\"STRONA G\u0141\u00d3WNA - NSZZFIPW KRAK\u00d3W\" \/>\n<meta property=\"og:description\" content=\"Tu znajdziesz aktualne informacje o bie\u017c\u0105cej dzia\u0142alno\u015bci NSZZFiPW Krak\u00f3w. Dowied\u017a si\u0119 wi\u0119cej czytaj\u0105c nowe wiadomo\u015bci. Zapoznaj si\u0119 z najnowszymi wiadomo\u015bciami i b\u0105d\u017a na bie\u017caco. Je\u017celi intereuj\u0105 was starsze wpisy to nale\u017cy wykorzysta\u0107 menu boczne, gdzie znajduje si\u0119 archiwum wpis\u00f3w oraz wyszukiwarka.\" \/>\n<meta property=\"og:url\" content=\"https:\/\/nszzfipwkrakow.pl\/?page_id=307\" \/>\n<meta property=\"og:site_name\" content=\"NSZZFIPW KRAK\u00d3W\" \/>\n<meta property=\"article:modified_time\" content=\"2020-03-12T15:11:38+00:00\" \/>\n<meta name=\"twitter:card\" content=\"summary_large_image\" \/>\n<script type=\"application\/ld+json\" class=\"yoast-schema-graph\">{\"@context\":\"https:\/\/schema.org\",\"@graph\":[{\"@type\":[\"WebPage\",\"CollectionPage\"],\"@id\":\"https:\/\/nszzfipwkrakow.pl\/?page_id=307\",\"url\":\"https:\/\/nszzfipwkrakow.pl\/?page_id=307\",\"name\":\"STRONA G\u0141\u00d3WNA - NSZZFIPW KRAK\u00d3W\",\"isPartOf\":{\"@id\":\"https:\/\/nszzfipwkrakow.pl\/#website\"},\"datePublished\":\"2020-02-17T17:00:44+00:00\",\"dateModified\":\"2020-03-12T15:11:38+00:00\",\"breadcrumb\":{\"@id\":\"https:\/\/nszzfipwkrakow.pl\/?page_id=307#breadcrumb\"},\"inLanguage\":\"pl-PL\"},{\"@type\":\"BreadcrumbList\",\"@id\":\"https:\/\/nszzfipwkrakow.pl\/?page_id=307#breadcrumb\",\"itemListElement\":[{\"@type\":\"ListItem\",\"position\":1,\"name\":\"Strona g\u0142\u00f3wna\",\"item\":\"https:\/\/nszzfipwkrakow.pl\/\"},{\"@type\":\"ListItem\",\"position\":2,\"name\":\"STRONA G\u0141\u00d3WNA\"}]},{\"@type\":\"WebSite\",\"@id\":\"https:\/\/nszzfipwkrakow.pl\/#website\",\"url\":\"https:\/\/nszzfipwkrakow.pl\/\",\"name\":\"NSZZFIPW KRAK\u00d3W\",\"description\":\"ZARZ\u0104D OKR\u0118GOWY KRAK\u00d3W\",\"potentialAction\":[{\"@type\":\"SearchAction\",\"target\":{\"@type\":\"EntryPoint\",\"urlTemplate\":\"https:\/\/nszzfipwkrakow.pl\/?s={search_term_string}\"},\"query-input\":{\"@type\":\"PropertyValueSpecification\",\"valueRequired\":true,\"valueName\":\"search_term_string\"}}],\"inLanguage\":\"pl-PL\"}]}<\/script>\n<!-- \/ Yoast SEO plugin. -->","yoast_head_json":{"title":"STRONA G\u0141\u00d3WNA - NSZZFIPW KRAK\u00d3W","robots":{"index":"index","follow":"follow","max-snippet":"max-snippet:-1","max-image-preview":"max-image-preview:large","max-video-preview":"max-video-preview:-1"},"canonical":"https:\/\/nszzfipwkrakow.pl\/?page_id=307","og_locale":"pl_PL","og_type":"article","og_title":"STRONA G\u0141\u00d3WNA - NSZZFIPW KRAK\u00d3W","og_description":"Tu znajdziesz aktualne informacje o bie\u017c\u0105cej dzia\u0142alno\u015bci NSZZFiPW Krak\u00f3w. Dowied\u017a si\u0119 wi\u0119cej czytaj\u0105c nowe wiadomo\u015bci. Zapoznaj si\u0119 z najnowszymi wiadomo\u015bciami i b\u0105d\u017a na bie\u017caco. Je\u017celi intereuj\u0105 was starsze wpisy to nale\u017cy wykorzysta\u0107 menu boczne, gdzie znajduje si\u0119 archiwum wpis\u00f3w oraz wyszukiwarka.","og_url":"https:\/\/nszzfipwkrakow.pl\/?page_id=307","og_site_name":"NSZZFIPW KRAK\u00d3W","article_modified_time":"2020-03-12T15:11:38+00:00","twitter_card":"summary_large_image","schema":{"@context":"https:\/\/schema.org","@graph":[{"@type":["WebPage","CollectionPage"],"@id":"https:\/\/nszzfipwkrakow.pl\/?page_id=307","url":"https:\/\/nszzfipwkrakow.pl\/?page_id=307","name":"STRONA G\u0141\u00d3WNA - NSZZFIPW KRAK\u00d3W","isPartOf":{"@id":"https:\/\/nszzfipwkrakow.pl\/#website"},"datePublished":"2020-02-17T17:00:44+00:00","dateModified":"2020-03-12T15:11:38+00:00","breadcrumb":{"@id":"https:\/\/nszzfipwkrakow.pl\/?page_id=307#breadcrumb"},"inLanguage":"pl-PL"},{"@type":"BreadcrumbList","@id":"https:\/\/nszzfipwkrakow.pl\/?page_id=307#breadcrumb","itemListElement":[{"@type":"ListItem","position":1,"name":"Strona g\u0142\u00f3wna","item":"https:\/\/nszzfipwkrakow.pl\/"},{"@type":"ListItem","position":2,"name":"STRONA G\u0141\u00d3WNA"}]},{"@type":"WebSite","@id":"https:\/\/nszzfipwkrakow.pl\/#website","url":"https:\/\/nszzfipwkrakow.pl\/","name":"NSZZFIPW KRAK\u00d3W","description":"ZARZ\u0104D OKR\u0118GOWY KRAK\u00d3W","potentialAction":[{"@type":"SearchAction","target":{"@type":"EntryPoint","urlTemplate":"https:\/\/nszzfipwkrakow.pl\/?s={search_term_string}"},"query-input":{"@type":"PropertyValueSpecification","valueRequired":true,"valueName":"search_term_string"}}],"inLanguage":"pl-PL"}]}},"_links":{"self":[{"href":"https:\/\/nszzfipwkrakow.pl\/index.php?rest_route=\/wp\/v2\/pages\/307","targetHints":{"allow":["GET"]}}],"collection":[{"href":"https:\/\/nszzfipwkrakow.pl\/index.php?rest_route=\/wp\/v2\/pages"}],"about":[{"href":"https:\/\/nszzfipwkrakow.pl\/index.php?rest_route=\/wp\/v2\/types\/page"}],"author":[{"embeddable":true,"href":"https:\/\/nszzfipwkrakow.pl\/index.php?rest_route=\/wp\/v2\/users\/1"}],"replies":[{"embeddable":true,"href":"https:\/\/nszzfipwkrakow.pl\/index.php?rest_route=%2Fwp%2Fv2%2Fcomments&post=307"}],"version-history":[{"count":12,"href":"https:\/\/nszzfipwkrakow.pl\/index.php?rest_route=\/wp\/v2\/pages\/307\/revisions"}],"predecessor-version":[{"id":2289,"href":"https:\/\/nszzfipwkrakow.pl\/index.php?rest_route=\/wp\/v2\/pages\/307\/revisions\/2289"}],"wp:attachment":[{"href":"https:\/\/nszzfipwkrakow.pl\/index.php?rest_route=%2Fwp%2Fv2%2Fmedia&parent=307"}],"curies":[{"name":"wp","href":"https:\/\/api.w.org\/{rel}","templated":true}]}}