{"id":3148,"date":"2024-04-09T11:59:57","date_gmt":"2024-04-09T09:59:57","guid":{"rendered":"https:\/\/nszzfipwkrakow.pl\/?page_id=3148"},"modified":"2024-04-09T12:00:00","modified_gmt":"2024-04-09T10:00:00","slug":"odznaczenia","status":"publish","type":"page","link":"https:\/\/nszzfipwkrakow.pl\/?page_id=3148","title":{"rendered":"Odznaczenia"},"content":{"rendered":"<div class=\"wp-block-image\">\n<figure class=\"aligncenter size-large\"><img fetchpriority=\"high\" decoding=\"async\" width=\"1024\" height=\"857\" src=\"https:\/\/nszzfipwkrakow.pl\/wp-content\/uploads\/2024\/04\/1712652989792-1024x857.jpg\" alt=\"\" class=\"wp-image-3149\" srcset=\"https:\/\/nszzfipwkrakow.pl\/wp-content\/uploads\/2024\/04\/1712652989792-1024x857.jpg 1024w, https:\/\/nszzfipwkrakow.pl\/wp-content\/uploads\/2024\/04\/1712652989792-300x251.jpg 300w, https:\/\/nszzfipwkrakow.pl\/wp-content\/uploads\/2024\/04\/1712652989792-768x643.jpg 768w, https:\/\/nszzfipwkrakow.pl\/wp-content\/uploads\/2024\/04\/1712652989792-1536x1285.jpg 1536w, https:\/\/nszzfipwkrakow.pl\/wp-content\/uploads\/2024\/04\/1712652989792-2048x1714.jpg 2048w\" sizes=\"(max-width: 1024px) 100vw, 1024px\" \/><\/figure>\n<\/div>\n\n\n<p><strong><a href=\"http:\/\/nszzfipwkrakow.pl\/wp-content\/uploads\/2024\/04\/regulamin.docx\">Regulamin przyznawania Z\u0142otego, Srebrnego, Br\u0105zowego \u201eKrzy\u017ca Zas\u0142ugi\u201d dla Zarz\u0105du Okr\u0119gowego NSZZ FiPW w Krakowie, cz\u0142onkom zwi\u0105zku oraz innym osobom wspieraj\u0105cym dzia\u0142ania Zwi\u0105zku.<\/a><\/strong><\/p>\n\n\n\n<p><a href=\"http:\/\/nszzfipwkrakow.pl\/wp-content\/uploads\/2024\/04\/Wniosek-o-przyzanie-Krzyrza-Zaslugi-Zlotego-Srebrnego-Brazowego-NSZZ-FiPW.doc\"><strong>WNIOSEK<\/strong> <strong>O\u00a0PRZYZANIE Z\u0141OTEGO, SREBRNEGO, BR\u0104ZOWEGO KRZY\u017bA ZAS\u0141UGI DLA ZARZ\u0104DU OKR\u0118GOWEGO NSZZ FIPW W KRAKOWIE<\/strong><\/a><\/p>\n","protected":false},"excerpt":{"rendered":"<p>Regulamin przyznawania Z\u0142otego, Srebrnego, Br\u0105zowego \u201eKrzy\u017ca Zas\u0142ugi\u201d dla Zarz\u0105du Okr\u0119gowego NSZZ FiPW w Krakowie, cz\u0142onkom zwi\u0105zku oraz innym osobom wspieraj\u0105cym dzia\u0142ania Zwi\u0105zku. WNIOSEK O\u00a0PRZYZANIE Z\u0141OTEGO, SREBRNEGO, BR\u0104ZOWEGO KRZY\u017bA ZAS\u0141UGI DLA ZARZ\u0104DU OKR\u0118GOWEGO NSZZ FIPW W KRAKOWIE<\/p>\n","protected":false},"author":1,"featured_media":0,"parent":0,"menu_order":0,"comment_status":"closed","ping_status":"closed","template":"","meta":{"footnotes":""},"class_list":["post-3148","page","type-page","status-publish","hentry"],"yoast_head":"<!-- This site is optimized with the Yoast SEO plugin v23.6 - https:\/\/yoast.com\/wordpress\/plugins\/seo\/ -->\n<title>Odznaczenia - NSZZFIPW KRAK\u00d3W<\/title>\n<meta name=\"robots\" content=\"index, follow, max-snippet:-1, max-image-preview:large, max-video-preview:-1\" \/>\n<link rel=\"canonical\" href=\"https:\/\/nszzfipwkrakow.pl\/?page_id=3148\" \/>\n<meta property=\"og:locale\" content=\"pl_PL\" \/>\n<meta property=\"og:type\" content=\"article\" \/>\n<meta property=\"og:title\" content=\"Odznaczenia - NSZZFIPW KRAK\u00d3W\" \/>\n<meta property=\"og:description\" content=\"Regulamin przyznawania Z\u0142otego, Srebrnego, Br\u0105zowego \u201eKrzy\u017ca Zas\u0142ugi\u201d dla Zarz\u0105du Okr\u0119gowego NSZZ FiPW w Krakowie, cz\u0142onkom zwi\u0105zku oraz innym osobom wspieraj\u0105cym dzia\u0142ania Zwi\u0105zku. WNIOSEK O\u00a0PRZYZANIE Z\u0141OTEGO, SREBRNEGO, BR\u0104ZOWEGO KRZY\u017bA ZAS\u0141UGI DLA ZARZ\u0104DU OKR\u0118GOWEGO NSZZ FIPW W KRAKOWIE\" \/>\n<meta property=\"og:url\" content=\"https:\/\/nszzfipwkrakow.pl\/?page_id=3148\" \/>\n<meta property=\"og:site_name\" content=\"NSZZFIPW KRAK\u00d3W\" \/>\n<meta property=\"article:modified_time\" content=\"2024-04-09T10:00:00+00:00\" \/>\n<meta property=\"og:image\" content=\"https:\/\/nszzfipwkrakow.pl\/wp-content\/uploads\/2024\/04\/1712652989792-1024x857.jpg\" \/>\n<meta name=\"twitter:card\" content=\"summary_large_image\" \/>\n<script type=\"application\/ld+json\" class=\"yoast-schema-graph\">{\"@context\":\"https:\/\/schema.org\",\"@graph\":[{\"@type\":\"WebPage\",\"@id\":\"https:\/\/nszzfipwkrakow.pl\/?page_id=3148\",\"url\":\"https:\/\/nszzfipwkrakow.pl\/?page_id=3148\",\"name\":\"Odznaczenia - NSZZFIPW KRAK\u00d3W\",\"isPartOf\":{\"@id\":\"https:\/\/nszzfipwkrakow.pl\/#website\"},\"primaryImageOfPage\":{\"@id\":\"https:\/\/nszzfipwkrakow.pl\/?page_id=3148#primaryimage\"},\"image\":{\"@id\":\"https:\/\/nszzfipwkrakow.pl\/?page_id=3148#primaryimage\"},\"thumbnailUrl\":\"https:\/\/nszzfipwkrakow.pl\/wp-content\/uploads\/2024\/04\/1712652989792-1024x857.jpg\",\"datePublished\":\"2024-04-09T09:59:57+00:00\",\"dateModified\":\"2024-04-09T10:00:00+00:00\",\"breadcrumb\":{\"@id\":\"https:\/\/nszzfipwkrakow.pl\/?page_id=3148#breadcrumb\"},\"inLanguage\":\"pl-PL\",\"potentialAction\":[{\"@type\":\"ReadAction\",\"target\":[\"https:\/\/nszzfipwkrakow.pl\/?page_id=3148\"]}]},{\"@type\":\"ImageObject\",\"inLanguage\":\"pl-PL\",\"@id\":\"https:\/\/nszzfipwkrakow.pl\/?page_id=3148#primaryimage\",\"url\":\"https:\/\/nszzfipwkrakow.pl\/wp-content\/uploads\/2024\/04\/1712652989792-scaled.jpg\",\"contentUrl\":\"https:\/\/nszzfipwkrakow.pl\/wp-content\/uploads\/2024\/04\/1712652989792-scaled.jpg\",\"width\":2560,\"height\":2142},{\"@type\":\"BreadcrumbList\",\"@id\":\"https:\/\/nszzfipwkrakow.pl\/?page_id=3148#breadcrumb\",\"itemListElement\":[{\"@type\":\"ListItem\",\"position\":1,\"name\":\"Strona g\u0142\u00f3wna\",\"item\":\"https:\/\/nszzfipwkrakow.pl\/\"},{\"@type\":\"ListItem\",\"position\":2,\"name\":\"Odznaczenia\"}]},{\"@type\":\"WebSite\",\"@id\":\"https:\/\/nszzfipwkrakow.pl\/#website\",\"url\":\"https:\/\/nszzfipwkrakow.pl\/\",\"name\":\"NSZZFIPW KRAK\u00d3W\",\"description\":\"ZARZ\u0104D OKR\u0118GOWY KRAK\u00d3W\",\"potentialAction\":[{\"@type\":\"SearchAction\",\"target\":{\"@type\":\"EntryPoint\",\"urlTemplate\":\"https:\/\/nszzfipwkrakow.pl\/?s={search_term_string}\"},\"query-input\":{\"@type\":\"PropertyValueSpecification\",\"valueRequired\":true,\"valueName\":\"search_term_string\"}}],\"inLanguage\":\"pl-PL\"}]}<\/script>\n<!-- \/ Yoast SEO plugin. -->","yoast_head_json":{"title":"Odznaczenia - NSZZFIPW KRAK\u00d3W","robots":{"index":"index","follow":"follow","max-snippet":"max-snippet:-1","max-image-preview":"max-image-preview:large","max-video-preview":"max-video-preview:-1"},"canonical":"https:\/\/nszzfipwkrakow.pl\/?page_id=3148","og_locale":"pl_PL","og_type":"article","og_title":"Odznaczenia - NSZZFIPW KRAK\u00d3W","og_description":"Regulamin przyznawania Z\u0142otego, Srebrnego, Br\u0105zowego \u201eKrzy\u017ca Zas\u0142ugi\u201d dla Zarz\u0105du Okr\u0119gowego NSZZ FiPW w Krakowie, cz\u0142onkom zwi\u0105zku oraz innym osobom wspieraj\u0105cym dzia\u0142ania Zwi\u0105zku. WNIOSEK O\u00a0PRZYZANIE Z\u0141OTEGO, SREBRNEGO, BR\u0104ZOWEGO KRZY\u017bA ZAS\u0141UGI DLA ZARZ\u0104DU OKR\u0118GOWEGO NSZZ FIPW W KRAKOWIE","og_url":"https:\/\/nszzfipwkrakow.pl\/?page_id=3148","og_site_name":"NSZZFIPW KRAK\u00d3W","article_modified_time":"2024-04-09T10:00:00+00:00","og_image":[{"url":"https:\/\/nszzfipwkrakow.pl\/wp-content\/uploads\/2024\/04\/1712652989792-1024x857.jpg"}],"twitter_card":"summary_large_image","schema":{"@context":"https:\/\/schema.org","@graph":[{"@type":"WebPage","@id":"https:\/\/nszzfipwkrakow.pl\/?page_id=3148","url":"https:\/\/nszzfipwkrakow.pl\/?page_id=3148","name":"Odznaczenia - NSZZFIPW KRAK\u00d3W","isPartOf":{"@id":"https:\/\/nszzfipwkrakow.pl\/#website"},"primaryImageOfPage":{"@id":"https:\/\/nszzfipwkrakow.pl\/?page_id=3148#primaryimage"},"image":{"@id":"https:\/\/nszzfipwkrakow.pl\/?page_id=3148#primaryimage"},"thumbnailUrl":"https:\/\/nszzfipwkrakow.pl\/wp-content\/uploads\/2024\/04\/1712652989792-1024x857.jpg","datePublished":"2024-04-09T09:59:57+00:00","dateModified":"2024-04-09T10:00:00+00:00","breadcrumb":{"@id":"https:\/\/nszzfipwkrakow.pl\/?page_id=3148#breadcrumb"},"inLanguage":"pl-PL","potentialAction":[{"@type":"ReadAction","target":["https:\/\/nszzfipwkrakow.pl\/?page_id=3148"]}]},{"@type":"ImageObject","inLanguage":"pl-PL","@id":"https:\/\/nszzfipwkrakow.pl\/?page_id=3148#primaryimage","url":"https:\/\/nszzfipwkrakow.pl\/wp-content\/uploads\/2024\/04\/1712652989792-scaled.jpg","contentUrl":"https:\/\/nszzfipwkrakow.pl\/wp-content\/uploads\/2024\/04\/1712652989792-scaled.jpg","width":2560,"height":2142},{"@type":"BreadcrumbList","@id":"https:\/\/nszzfipwkrakow.pl\/?page_id=3148#breadcrumb","itemListElement":[{"@type":"ListItem","position":1,"name":"Strona g\u0142\u00f3wna","item":"https:\/\/nszzfipwkrakow.pl\/"},{"@type":"ListItem","position":2,"name":"Odznaczenia"}]},{"@type":"WebSite","@id":"https:\/\/nszzfipwkrakow.pl\/#website","url":"https:\/\/nszzfipwkrakow.pl\/","name":"NSZZFIPW KRAK\u00d3W","description":"ZARZ\u0104D OKR\u0118GOWY KRAK\u00d3W","potentialAction":[{"@type":"SearchAction","target":{"@type":"EntryPoint","urlTemplate":"https:\/\/nszzfipwkrakow.pl\/?s={search_term_string}"},"query-input":{"@type":"PropertyValueSpecification","valueRequired":true,"valueName":"search_term_string"}}],"inLanguage":"pl-PL"}]}},"_links":{"self":[{"href":"https:\/\/nszzfipwkrakow.pl\/index.php?rest_route=\/wp\/v2\/pages\/3148","targetHints":{"allow":["GET"]}}],"collection":[{"href":"https:\/\/nszzfipwkrakow.pl\/index.php?rest_route=\/wp\/v2\/pages"}],"about":[{"href":"https:\/\/nszzfipwkrakow.pl\/index.php?rest_route=\/wp\/v2\/types\/page"}],"author":[{"embeddable":true,"href":"https:\/\/nszzfipwkrakow.pl\/index.php?rest_route=\/wp\/v2\/users\/1"}],"replies":[{"embeddable":true,"href":"https:\/\/nszzfipwkrakow.pl\/index.php?rest_route=%2Fwp%2Fv2%2Fcomments&post=3148"}],"version-history":[{"count":1,"href":"https:\/\/nszzfipwkrakow.pl\/index.php?rest_route=\/wp\/v2\/pages\/3148\/revisions"}],"predecessor-version":[{"id":3153,"href":"https:\/\/nszzfipwkrakow.pl\/index.php?rest_route=\/wp\/v2\/pages\/3148\/revisions\/3153"}],"wp:attachment":[{"href":"https:\/\/nszzfipwkrakow.pl\/index.php?rest_route=%2Fwp%2Fv2%2Fmedia&parent=3148"}],"curies":[{"name":"wp","href":"https:\/\/api.w.org\/{rel}","templated":true}]}}