{"id":342,"date":"2020-02-18T08:21:42","date_gmt":"2020-02-18T07:21:42","guid":{"rendered":"http:\/\/217.117.138.41\/?page_id=342"},"modified":"2024-09-11T08:05:09","modified_gmt":"2024-09-11T06:05:09","slug":"zarzad-okregowy","status":"publish","type":"page","link":"https:\/\/nszzfipwkrakow.pl\/?page_id=342","title":{"rendered":"Zarz\u0105d Okr\u0119gowy"},"content":{"rendered":"<p><!--StartFragment--><\/p>\n\n\n<ol class=\"wp-block-list\">\n<li style=\"font-size:15px\">Mr\u00f3z Jacek \u2013 Przewodnicz\u0105cy Zarz\u0105du Okr\u0119gowego, Cz\u0142onek Prezydium Zarz\u0105du Okr\u0119gowego, Cz\u0142onek Zarz\u0105du G\u0142\u00f3wnego.<\/li>\n\n\n\n<li style=\"font-size:15px\">W\u00f3jcik Marcin \u2013 Cz\u0142onek Zarz\u0105du Okr\u0119gowego, Skarbnik-Sekretarz Zarz\u0105du Okr\u0119gowego, Cz\u0142onek Prezydium Zarz\u0105du Okr\u0119gowego, ZK Tarn\u00f3w.<\/li>\n\n\n\n<li style=\"font-size:15px\">Brzezi\u0144ski Stanis\u0142aw  \u2013 Wiceprzewodnicz\u0105cy Zarz\u0105du Okr\u0119gowego, Cz\u0142onek Prezydium Zarz\u0105du Okr\u0119gowego, A\u015a Kielce.<\/li>\n\n\n\n<li style=\"font-size:15px\">Zakrzewski Bogus\u0142aw \u2013 Wiceprzewodnicz\u0105cy Zarz\u0105du Okr\u0119gowego, Przewodnicz\u0105cy Zarz\u0105du Terenowego w A\u015a Krak\u00f3w, Cz\u0142onek Prezydium Zarz\u0105du Okr\u0119gowego.<\/li>\n\n\n\n<li style=\"font-size:15px\">Go\u0142y Krzysztof \u2013 Wiceprzewodnicz\u0105cy Zarz\u0105du Okr\u0119gowego, Przewodnicz\u0105cy Zarz\u0105du Terenowego w ZK Pi\u0144cz\u00f3w, Cz\u0142onek Prezydium Zarz\u0105du Okr\u0119gowego<\/li>\n\n\n\n<li style=\"font-size:15px\">Fuda\u0142a Arkadiusz Wiceprzewodnicz\u0105cy Zarz\u0105du Okr\u0119gowego, Cz\u0142onek Prezydium Zarz\u0105du Okr\u0119gowego, ZK Trzebinia.<\/li>\n\n\n\n<li style=\"font-size:15px\">Bartosik Andrzej \u2013 Przewodnicz\u0105cy Zarz\u0105du Terenowego w OZ Krak\u00f3w Nowa Huta.<\/li>\n\n\n\n<li style=\"font-size:15px\">Bolek Adam \u2013 Przewodnicz\u0105cy Zarz\u0105du Terenowego w A\u015a Kielce.<\/li>\n\n\n\n<li style=\"font-size:15px\">Czach\u00f3r Jaros\u0142aw \u2013 Przewodnicz\u0105cy Zarz\u0105du Terenowego w ZK Nowy Wi\u015bnicz.<\/li>\n\n\n\n<li style=\"font-size:15px\">\u0106wi\u0119ka\u0142a Marcin \u2013 Przewodnicz\u0105cy Zarz\u0105du Terenowego w ZK Wadowice.<\/li>\n\n\n\n<li style=\"font-size:15px\">Mielecki Szymon \u2013 Przewodnicz\u0105cy Zarz\u0105du Terenowego w ZK Trzebinia.<\/li>\n\n\n\n<li style=\"font-size:15px\">Okarma Mariusz \u2013 Przewodnicz\u0105cy Zarz\u0105du Terenowego w ZK Tarn\u00f3w.<\/li>\n\n\n\n<li style=\"font-size:15px\">Pi\u0119ta Mi\u0142osz \u2013 Przewodnicz\u0105cy Zarz\u0105du Terenowego w OZ Tarn\u00f3w Mo\u015bcice.<\/li>\n\n\n\n<li style=\"font-size:15px\">Szczygie\u0142 Antoni \u2013 Przewodnicz\u0105cy Zarz\u0105du Terenowego w ZK Nowy S\u0105cz.<\/li>\n\n\n\n<li style=\"font-size:15px\">Borkowski Tomasz \u2013 Cz\u0142onek Zarz\u0105du Okr\u0119gowego, ZK Nowy S\u0105cz.<\/li>\n\n\n\n<li style=\"font-size:15px\">Dyraga Stefan \u2013 Cz\u0142onek Zarz\u0105du Okr\u0119gowego, ZK Pi\u0144cz\u00f3w.<\/li>\n\n\n\n<li style=\"font-size:15px\">Lenart \u0141ukasz \u2013 Cz\u0142onek Zarz\u0105du Okr\u0119gowego, ZK Wadowice.<\/li>\n\n\n\n<li style=\"font-size:15px\">\u0141aski Rafa\u0142 \u2013 Cz\u0142onek Zarz\u0105du Okr\u0119gowego, ZK Tarn\u00f3w.<\/li>\n\n\n\n<li style=\"font-size:15px\">Ramian Marcin \u2013 Cz\u0142onek Zarz\u0105du Okr\u0119gowego, ZK Tarn\u00f3w.<\/li>\n\n\n\n<li style=\"font-size:15px\">Rojek \u0141ukasz \u2013 Cz\u0142onek Zarz\u0105du Okr\u0119gowego, A\u015a Krak\u00f3w.<\/li>\n<\/ol>\n\n\n\n<p style=\"font-size:21px\">Okr\u0119gowa Komisja Rewizyjna<\/p>\n\n\n\n<ol class=\"wp-block-list\">\n<li style=\"font-size:15px\">Barczyk Mateusz \u2013 ZK Trzebinia \u2013 Przewodnicz\u0105cy OKR.<\/li>\n\n\n\n<li style=\"font-size:15px\">Wojewoda El\u017cbieta \u2013 ZK Nowy Wi\u015bnicz \u2013 V-ce Przewodnicz\u0105ca OKR.<\/li>\n\n\n\n<li style=\"font-size:15px\">Roma\u0144ski Artur \u2013 OZ Krak\u00f3w Nowa Huta.<\/li>\n\n\n\n<li style=\"font-size:15px\">Sroka Przemys\u0142aw \u2013 ZK Nowy S\u0105cz.<\/li>\n\n\n\n<li style=\"font-size:15px\">Zaklikiewicz Marta \u2013 OZ Tarn\u00f3w Mo\u015bcice.<\/li>\n<\/ol>\n\n\n<p><!--EndFragment--><\/p>","protected":false},"excerpt":{"rendered":"<p>Okr\u0119gowa Komisja Rewizyjna<\/p>\n","protected":false},"author":1,"featured_media":0,"parent":0,"menu_order":0,"comment_status":"closed","ping_status":"closed","template":"","meta":{"footnotes":""},"class_list":["post-342","page","type-page","status-publish","hentry"],"yoast_head":"<!-- This site is optimized with the Yoast SEO plugin v23.6 - https:\/\/yoast.com\/wordpress\/plugins\/seo\/ -->\n<title>Zarz\u0105d Okr\u0119gowy - NSZZFIPW KRAK\u00d3W<\/title>\n<meta name=\"robots\" content=\"index, follow, max-snippet:-1, max-image-preview:large, max-video-preview:-1\" \/>\n<link rel=\"canonical\" href=\"https:\/\/nszzfipwkrakow.pl\/?page_id=342\" \/>\n<meta property=\"og:locale\" content=\"pl_PL\" \/>\n<meta property=\"og:type\" content=\"article\" \/>\n<meta property=\"og:title\" content=\"Zarz\u0105d Okr\u0119gowy - NSZZFIPW KRAK\u00d3W\" \/>\n<meta property=\"og:description\" content=\"Okr\u0119gowa Komisja Rewizyjna\" \/>\n<meta property=\"og:url\" content=\"https:\/\/nszzfipwkrakow.pl\/?page_id=342\" \/>\n<meta property=\"og:site_name\" content=\"NSZZFIPW KRAK\u00d3W\" \/>\n<meta property=\"article:modified_time\" content=\"2024-09-11T06:05:09+00:00\" \/>\n<meta name=\"twitter:card\" content=\"summary_large_image\" \/>\n<meta name=\"twitter:label1\" content=\"Szacowany czas czytania\" \/>\n\t<meta name=\"twitter:data1\" content=\"1 minuta\" \/>\n<script type=\"application\/ld+json\" class=\"yoast-schema-graph\">{\"@context\":\"https:\/\/schema.org\",\"@graph\":[{\"@type\":\"WebPage\",\"@id\":\"https:\/\/nszzfipwkrakow.pl\/?page_id=342\",\"url\":\"https:\/\/nszzfipwkrakow.pl\/?page_id=342\",\"name\":\"Zarz\u0105d Okr\u0119gowy - NSZZFIPW KRAK\u00d3W\",\"isPartOf\":{\"@id\":\"https:\/\/nszzfipwkrakow.pl\/#website\"},\"datePublished\":\"2020-02-18T07:21:42+00:00\",\"dateModified\":\"2024-09-11T06:05:09+00:00\",\"breadcrumb\":{\"@id\":\"https:\/\/nszzfipwkrakow.pl\/?page_id=342#breadcrumb\"},\"inLanguage\":\"pl-PL\",\"potentialAction\":[{\"@type\":\"ReadAction\",\"target\":[\"https:\/\/nszzfipwkrakow.pl\/?page_id=342\"]}]},{\"@type\":\"BreadcrumbList\",\"@id\":\"https:\/\/nszzfipwkrakow.pl\/?page_id=342#breadcrumb\",\"itemListElement\":[{\"@type\":\"ListItem\",\"position\":1,\"name\":\"Strona g\u0142\u00f3wna\",\"item\":\"https:\/\/nszzfipwkrakow.pl\/\"},{\"@type\":\"ListItem\",\"position\":2,\"name\":\"Zarz\u0105d Okr\u0119gowy\"}]},{\"@type\":\"WebSite\",\"@id\":\"https:\/\/nszzfipwkrakow.pl\/#website\",\"url\":\"https:\/\/nszzfipwkrakow.pl\/\",\"name\":\"NSZZFIPW KRAK\u00d3W\",\"description\":\"ZARZ\u0104D OKR\u0118GOWY KRAK\u00d3W\",\"potentialAction\":[{\"@type\":\"SearchAction\",\"target\":{\"@type\":\"EntryPoint\",\"urlTemplate\":\"https:\/\/nszzfipwkrakow.pl\/?s={search_term_string}\"},\"query-input\":{\"@type\":\"PropertyValueSpecification\",\"valueRequired\":true,\"valueName\":\"search_term_string\"}}],\"inLanguage\":\"pl-PL\"}]}<\/script>\n<!-- \/ Yoast SEO plugin. -->","yoast_head_json":{"title":"Zarz\u0105d Okr\u0119gowy - NSZZFIPW KRAK\u00d3W","robots":{"index":"index","follow":"follow","max-snippet":"max-snippet:-1","max-image-preview":"max-image-preview:large","max-video-preview":"max-video-preview:-1"},"canonical":"https:\/\/nszzfipwkrakow.pl\/?page_id=342","og_locale":"pl_PL","og_type":"article","og_title":"Zarz\u0105d Okr\u0119gowy - NSZZFIPW KRAK\u00d3W","og_description":"Okr\u0119gowa Komisja Rewizyjna","og_url":"https:\/\/nszzfipwkrakow.pl\/?page_id=342","og_site_name":"NSZZFIPW KRAK\u00d3W","article_modified_time":"2024-09-11T06:05:09+00:00","twitter_card":"summary_large_image","twitter_misc":{"Szacowany czas czytania":"1 minuta"},"schema":{"@context":"https:\/\/schema.org","@graph":[{"@type":"WebPage","@id":"https:\/\/nszzfipwkrakow.pl\/?page_id=342","url":"https:\/\/nszzfipwkrakow.pl\/?page_id=342","name":"Zarz\u0105d Okr\u0119gowy - NSZZFIPW KRAK\u00d3W","isPartOf":{"@id":"https:\/\/nszzfipwkrakow.pl\/#website"},"datePublished":"2020-02-18T07:21:42+00:00","dateModified":"2024-09-11T06:05:09+00:00","breadcrumb":{"@id":"https:\/\/nszzfipwkrakow.pl\/?page_id=342#breadcrumb"},"inLanguage":"pl-PL","potentialAction":[{"@type":"ReadAction","target":["https:\/\/nszzfipwkrakow.pl\/?page_id=342"]}]},{"@type":"BreadcrumbList","@id":"https:\/\/nszzfipwkrakow.pl\/?page_id=342#breadcrumb","itemListElement":[{"@type":"ListItem","position":1,"name":"Strona g\u0142\u00f3wna","item":"https:\/\/nszzfipwkrakow.pl\/"},{"@type":"ListItem","position":2,"name":"Zarz\u0105d Okr\u0119gowy"}]},{"@type":"WebSite","@id":"https:\/\/nszzfipwkrakow.pl\/#website","url":"https:\/\/nszzfipwkrakow.pl\/","name":"NSZZFIPW KRAK\u00d3W","description":"ZARZ\u0104D OKR\u0118GOWY KRAK\u00d3W","potentialAction":[{"@type":"SearchAction","target":{"@type":"EntryPoint","urlTemplate":"https:\/\/nszzfipwkrakow.pl\/?s={search_term_string}"},"query-input":{"@type":"PropertyValueSpecification","valueRequired":true,"valueName":"search_term_string"}}],"inLanguage":"pl-PL"}]}},"_links":{"self":[{"href":"https:\/\/nszzfipwkrakow.pl\/index.php?rest_route=\/wp\/v2\/pages\/342","targetHints":{"allow":["GET"]}}],"collection":[{"href":"https:\/\/nszzfipwkrakow.pl\/index.php?rest_route=\/wp\/v2\/pages"}],"about":[{"href":"https:\/\/nszzfipwkrakow.pl\/index.php?rest_route=\/wp\/v2\/types\/page"}],"author":[{"embeddable":true,"href":"https:\/\/nszzfipwkrakow.pl\/index.php?rest_route=\/wp\/v2\/users\/1"}],"replies":[{"embeddable":true,"href":"https:\/\/nszzfipwkrakow.pl\/index.php?rest_route=%2Fwp%2Fv2%2Fcomments&post=342"}],"version-history":[{"count":49,"href":"https:\/\/nszzfipwkrakow.pl\/index.php?rest_route=\/wp\/v2\/pages\/342\/revisions"}],"predecessor-version":[{"id":3251,"href":"https:\/\/nszzfipwkrakow.pl\/index.php?rest_route=\/wp\/v2\/pages\/342\/revisions\/3251"}],"wp:attachment":[{"href":"https:\/\/nszzfipwkrakow.pl\/index.php?rest_route=%2Fwp%2Fv2%2Fmedia&parent=342"}],"curies":[{"name":"wp","href":"https:\/\/api.w.org\/{rel}","templated":true}]}}