{"id":57,"date":"2020-01-07T19:34:00","date_gmt":"2020-01-07T18:34:00","guid":{"rendered":"http:\/\/217.117.138.41\/?page_id=57"},"modified":"2024-04-09T12:02:41","modified_gmt":"2024-04-09T10:02:41","slug":"kontakt","status":"publish","type":"page","link":"https:\/\/nszzfipwkrakow.pl\/?page_id=57","title":{"rendered":"Kontakt"},"content":{"rendered":"\n<h2 class=\"wp-block-heading\"><strong>Osoba do kontaktu: <\/strong><\/h2>\n\n\n\n<h4 class=\"wp-block-heading\">Jacek Mr\u00f3z &#8211; Cz\u0142onek Zarz\u0105du G\u0142\u00f3wnego NSZFiPW<\/h4>\n\n\n\n<h2 class=\"wp-block-heading\"><strong>Adres: <\/strong><\/h2>\n\n\n\n<h4 class=\"wp-block-heading\">ul. Konarskiego 2<br>33-100 Tarn\u00f3w<\/h4>\n\n\n\n<h4 class=\"wp-block-heading\">E-mail:&nbsp;<a href=\"mailto:jacek.mroz@nszzfipw.org.pl\">jacek.mroz@nszzfipw.org.pl<\/a><\/h4>\n\n\n\n<hr class=\"wp-block-separator has-css-opacity\"\/>\n","protected":false},"excerpt":{"rendered":"<p>Osoba do kontaktu: Jacek Mr\u00f3z &#8211; Cz\u0142onek Zarz\u0105du G\u0142\u00f3wnego NSZFiPW Adres: ul. Konarskiego 233-100 Tarn\u00f3w E-mail:&nbsp;jacek.mroz@nszzfipw.org.pl<\/p>\n","protected":false},"author":1,"featured_media":0,"parent":0,"menu_order":0,"comment_status":"closed","ping_status":"closed","template":"","meta":{"footnotes":""},"class_list":["post-57","page","type-page","status-publish","hentry"],"yoast_head":"<!-- This site is optimized with the Yoast SEO plugin v23.6 - https:\/\/yoast.com\/wordpress\/plugins\/seo\/ -->\n<title>Kontakt - NSZZFIPW KRAK\u00d3W<\/title>\n<meta name=\"description\" content=\"Kontakt do NSZZFiPW w Krakowie\" \/>\n<meta name=\"robots\" content=\"index, follow, max-snippet:-1, max-image-preview:large, max-video-preview:-1\" \/>\n<link rel=\"canonical\" href=\"https:\/\/nszzfipwkrakow.pl\/?page_id=57\" \/>\n<meta property=\"og:locale\" content=\"pl_PL\" \/>\n<meta property=\"og:type\" content=\"article\" \/>\n<meta property=\"og:title\" content=\"Kontakt - NSZZFIPW KRAK\u00d3W\" \/>\n<meta property=\"og:description\" content=\"Kontakt do NSZZFiPW w Krakowie\" \/>\n<meta property=\"og:url\" content=\"https:\/\/nszzfipwkrakow.pl\/?page_id=57\" \/>\n<meta property=\"og:site_name\" content=\"NSZZFIPW KRAK\u00d3W\" \/>\n<meta property=\"article:modified_time\" content=\"2024-04-09T10:02:41+00:00\" \/>\n<meta name=\"twitter:card\" content=\"summary_large_image\" \/>\n<script type=\"application\/ld+json\" class=\"yoast-schema-graph\">{\"@context\":\"https:\/\/schema.org\",\"@graph\":[{\"@type\":\"WebPage\",\"@id\":\"https:\/\/nszzfipwkrakow.pl\/?page_id=57\",\"url\":\"https:\/\/nszzfipwkrakow.pl\/?page_id=57\",\"name\":\"Kontakt - NSZZFIPW KRAK\u00d3W\",\"isPartOf\":{\"@id\":\"https:\/\/nszzfipwkrakow.pl\/#website\"},\"datePublished\":\"2020-01-07T18:34:00+00:00\",\"dateModified\":\"2024-04-09T10:02:41+00:00\",\"description\":\"Kontakt do NSZZFiPW w Krakowie\",\"breadcrumb\":{\"@id\":\"https:\/\/nszzfipwkrakow.pl\/?page_id=57#breadcrumb\"},\"inLanguage\":\"pl-PL\",\"potentialAction\":[{\"@type\":\"ReadAction\",\"target\":[\"https:\/\/nszzfipwkrakow.pl\/?page_id=57\"]}]},{\"@type\":\"BreadcrumbList\",\"@id\":\"https:\/\/nszzfipwkrakow.pl\/?page_id=57#breadcrumb\",\"itemListElement\":[{\"@type\":\"ListItem\",\"position\":1,\"name\":\"Strona g\u0142\u00f3wna\",\"item\":\"https:\/\/nszzfipwkrakow.pl\/\"},{\"@type\":\"ListItem\",\"position\":2,\"name\":\"Kontakt\"}]},{\"@type\":\"WebSite\",\"@id\":\"https:\/\/nszzfipwkrakow.pl\/#website\",\"url\":\"https:\/\/nszzfipwkrakow.pl\/\",\"name\":\"NSZZFIPW KRAK\u00d3W\",\"description\":\"ZARZ\u0104D OKR\u0118GOWY KRAK\u00d3W\",\"potentialAction\":[{\"@type\":\"SearchAction\",\"target\":{\"@type\":\"EntryPoint\",\"urlTemplate\":\"https:\/\/nszzfipwkrakow.pl\/?s={search_term_string}\"},\"query-input\":{\"@type\":\"PropertyValueSpecification\",\"valueRequired\":true,\"valueName\":\"search_term_string\"}}],\"inLanguage\":\"pl-PL\"}]}<\/script>\n<!-- \/ Yoast SEO plugin. -->","yoast_head_json":{"title":"Kontakt - NSZZFIPW KRAK\u00d3W","description":"Kontakt do NSZZFiPW w Krakowie","robots":{"index":"index","follow":"follow","max-snippet":"max-snippet:-1","max-image-preview":"max-image-preview:large","max-video-preview":"max-video-preview:-1"},"canonical":"https:\/\/nszzfipwkrakow.pl\/?page_id=57","og_locale":"pl_PL","og_type":"article","og_title":"Kontakt - NSZZFIPW KRAK\u00d3W","og_description":"Kontakt do NSZZFiPW w Krakowie","og_url":"https:\/\/nszzfipwkrakow.pl\/?page_id=57","og_site_name":"NSZZFIPW KRAK\u00d3W","article_modified_time":"2024-04-09T10:02:41+00:00","twitter_card":"summary_large_image","schema":{"@context":"https:\/\/schema.org","@graph":[{"@type":"WebPage","@id":"https:\/\/nszzfipwkrakow.pl\/?page_id=57","url":"https:\/\/nszzfipwkrakow.pl\/?page_id=57","name":"Kontakt - NSZZFIPW KRAK\u00d3W","isPartOf":{"@id":"https:\/\/nszzfipwkrakow.pl\/#website"},"datePublished":"2020-01-07T18:34:00+00:00","dateModified":"2024-04-09T10:02:41+00:00","description":"Kontakt do NSZZFiPW w Krakowie","breadcrumb":{"@id":"https:\/\/nszzfipwkrakow.pl\/?page_id=57#breadcrumb"},"inLanguage":"pl-PL","potentialAction":[{"@type":"ReadAction","target":["https:\/\/nszzfipwkrakow.pl\/?page_id=57"]}]},{"@type":"BreadcrumbList","@id":"https:\/\/nszzfipwkrakow.pl\/?page_id=57#breadcrumb","itemListElement":[{"@type":"ListItem","position":1,"name":"Strona g\u0142\u00f3wna","item":"https:\/\/nszzfipwkrakow.pl\/"},{"@type":"ListItem","position":2,"name":"Kontakt"}]},{"@type":"WebSite","@id":"https:\/\/nszzfipwkrakow.pl\/#website","url":"https:\/\/nszzfipwkrakow.pl\/","name":"NSZZFIPW KRAK\u00d3W","description":"ZARZ\u0104D OKR\u0118GOWY KRAK\u00d3W","potentialAction":[{"@type":"SearchAction","target":{"@type":"EntryPoint","urlTemplate":"https:\/\/nszzfipwkrakow.pl\/?s={search_term_string}"},"query-input":{"@type":"PropertyValueSpecification","valueRequired":true,"valueName":"search_term_string"}}],"inLanguage":"pl-PL"}]}},"_links":{"self":[{"href":"https:\/\/nszzfipwkrakow.pl\/index.php?rest_route=\/wp\/v2\/pages\/57","targetHints":{"allow":["GET"]}}],"collection":[{"href":"https:\/\/nszzfipwkrakow.pl\/index.php?rest_route=\/wp\/v2\/pages"}],"about":[{"href":"https:\/\/nszzfipwkrakow.pl\/index.php?rest_route=\/wp\/v2\/types\/page"}],"author":[{"embeddable":true,"href":"https:\/\/nszzfipwkrakow.pl\/index.php?rest_route=\/wp\/v2\/users\/1"}],"replies":[{"embeddable":true,"href":"https:\/\/nszzfipwkrakow.pl\/index.php?rest_route=%2Fwp%2Fv2%2Fcomments&post=57"}],"version-history":[{"count":12,"href":"https:\/\/nszzfipwkrakow.pl\/index.php?rest_route=\/wp\/v2\/pages\/57\/revisions"}],"predecessor-version":[{"id":3154,"href":"https:\/\/nszzfipwkrakow.pl\/index.php?rest_route=\/wp\/v2\/pages\/57\/revisions\/3154"}],"wp:attachment":[{"href":"https:\/\/nszzfipwkrakow.pl\/index.php?rest_route=%2Fwp%2Fv2%2Fmedia&parent=57"}],"curies":[{"name":"wp","href":"https:\/\/api.w.org\/{rel}","templated":true}]}}